{"id":187,"date":"2021-08-30T20:16:37","date_gmt":"2021-08-30T18:16:37","guid":{"rendered":"https:\/\/tanzparkett-engel.de\/tp_wp\/?page_id=187"},"modified":"2021-09-02T17:56:55","modified_gmt":"2021-09-02T15:56:55","slug":"media","status":"publish","type":"page","link":"https:\/\/tanzparkett-engel.de\/tp_wp\/media\/","title":{"rendered":"Media"},"content":{"rendered":"\n<div class=\"wp-block-columns\">\n<div class=\"wp-block-column\">\n<figure class=\"wp-block-embed is-type-rich is-provider-handler-einbetten wp-block-embed-handler-einbetten wp-embed-aspect-16-9 wp-has-aspect-ratio\"><div class=\"wp-block-embed__wrapper\">\n<iframe loading=\"lazy\" title=\"Tanzparkett Engel\" width=\"750\" height=\"422\" src=\"https:\/\/www.youtube.com\/embed\/ScYVeWcMyDA?feature=oembed\" frameborder=\"0\" allow=\"accelerometer; autoplay; clipboard-write; encrypted-media; gyroscope; picture-in-picture\" allowfullscreen><\/iframe>\n<\/div><\/figure>\n\n\n\n<p>Er\u00f6ffnung der neuen R\u00e4ume<\/p>\n<\/div>\n\n\n\n<div class=\"wp-block-column\">\n<figure class=\"wp-block-embed is-type-rich is-provider-handler-einbetten wp-block-embed-handler-einbetten wp-embed-aspect-16-9 wp-has-aspect-ratio\"><div class=\"wp-block-embed__wrapper\">\n<iframe loading=\"lazy\" title=\"Ballett- und Tanzschule &quot;Tanzparkett Engel&quot; und Fitnesscenter &quot;Clever Fit F\u00fcrth&quot;\" width=\"750\" height=\"422\" src=\"https:\/\/www.youtube.com\/embed\/XEevaQzQDAg?feature=oembed\" frameborder=\"0\" allow=\"accelerometer; autoplay; clipboard-write; encrypted-media; gyroscope; picture-in-picture\" allowfullscreen><\/iframe>\n<\/div><\/figure>\n\n\n\n<p>Kooperation mit unseren Nachbarn &#8211; Clever Fit<\/p>\n<\/div>\n<\/div>\n\n\n\n<div class=\"wp-block-columns\">\n<div class=\"wp-block-column\">\n<figure class=\"wp-block-embed is-type-video is-provider-youtube wp-block-embed-youtube wp-embed-aspect-16-9 wp-has-aspect-ratio\"><div class=\"wp-block-embed__wrapper\">\n<iframe loading=\"lazy\" title=\"&quot;Tanztraum&quot; - hinter den Kulissen (Video von Koyfman Brothers)\" width=\"750\" height=\"422\" src=\"https:\/\/www.youtube.com\/embed\/bN3eJ6VKApg?feature=oembed\" frameborder=\"0\" allow=\"accelerometer; autoplay; clipboard-write; encrypted-media; gyroscope; picture-in-picture\" allowfullscreen><\/iframe>\n<\/div><figcaption> <\/figcaption><\/figure>\n\n\n\n<p>&#8222;Hinter den Kulissen&#8220;<\/p>\n<\/div>\n\n\n\n<div class=\"wp-block-column\">\n<figure class=\"wp-block-embed is-type-video is-provider-youtube wp-block-embed-youtube wp-embed-aspect-16-9 wp-has-aspect-ratio\"><div class=\"wp-block-embed__wrapper\">\n<iframe loading=\"lazy\" title=\"Gedanken \u00fcber den Tanz - Tanzparkett Engel (von Koyfman Media)\" width=\"750\" height=\"422\" src=\"https:\/\/www.youtube.com\/embed\/H4K4iDhYfyk?feature=oembed\" frameborder=\"0\" allow=\"accelerometer; autoplay; clipboard-write; encrypted-media; gyroscope; picture-in-picture\" allowfullscreen><\/iframe>\n<\/div><figcaption> <\/figcaption><\/figure>\n\n\n\n<p>&#8222;Gedanken \u00fcber den Tanz&#8220;<\/p>\n<\/div>\n<\/div>\n\n\n\n<p><\/p>\n","protected":false},"excerpt":{"rendered":"<p>Er\u00f6ffnung der neuen R\u00e4ume Kooperation mit unseren Nachbarn &#8211; Clever Fit &#8222;Hinter den Kulissen&#8220; &#8222;Gedanken \u00fcber den Tanz&#8220;<\/p>\n","protected":false},"author":1,"featured_media":0,"parent":0,"menu_order":0,"comment_status":"closed","ping_status":"closed","template":"","meta":[],"_links":{"self":[{"href":"https:\/\/tanzparkett-engel.de\/tp_wp\/wp-json\/wp\/v2\/pages\/187"}],"collection":[{"href":"https:\/\/tanzparkett-engel.de\/tp_wp\/wp-json\/wp\/v2\/pages"}],"about":[{"href":"https:\/\/tanzparkett-engel.de\/tp_wp\/wp-json\/wp\/v2\/types\/page"}],"author":[{"embeddable":true,"href":"https:\/\/tanzparkett-engel.de\/tp_wp\/wp-json\/wp\/v2\/users\/1"}],"replies":[{"embeddable":true,"href":"https:\/\/tanzparkett-engel.de\/tp_wp\/wp-json\/wp\/v2\/comments?post=187"}],"version-history":[{"count":3,"href":"https:\/\/tanzparkett-engel.de\/tp_wp\/wp-json\/wp\/v2\/pages\/187\/revisions"}],"predecessor-version":[{"id":313,"href":"https:\/\/tanzparkett-engel.de\/tp_wp\/wp-json\/wp\/v2\/pages\/187\/revisions\/313"}],"wp:attachment":[{"href":"https:\/\/tanzparkett-engel.de\/tp_wp\/wp-json\/wp\/v2\/media?parent=187"}],"curies":[{"name":"wp","href":"https:\/\/api.w.org\/{rel}","templated":true}]}}