{"id":31,"date":"2021-08-22T21:58:02","date_gmt":"2021-08-22T19:58:02","guid":{"rendered":"https:\/\/tanzparkett-engel.de\/tp_wp\/?page_id=31"},"modified":"2025-09-09T21:45:26","modified_gmt":"2025-09-09T19:45:26","slug":"classes","status":"publish","type":"page","link":"https:\/\/tanzparkett-engel.de\/tp_wp\/classes\/","title":{"rendered":"Kurse"},"content":{"rendered":"\n<p class=\"has-text-align-center\">Hier findet Ihr unsere Kurse. F\u00fcr eine kostenfreie Probestunde schreibt uns eine E-Mail oder ruft uns an. <\/p>\n\n\n\n<p class=\"has-text-align-center\"><em>Die Altersangaben bei Kindern dienen lediglich der Orientierung. Nach dem Kennenlernen in der Probestunde kann es dazu kommen, dass wir eine andere Altersklasse empfehlen<\/em>.<\/p>\n\n\n\n<div class=\"wp-block-columns\">\n<div class=\"wp-block-column\">\n<h5>Kinderballett<\/h5>\n\n\n\n<figure class=\"wp-block-image size-large\"><img loading=\"lazy\" width=\"1024\" height=\"683\" src=\"https:\/\/tanzparkett-engel.de\/tp_wp\/wp-content\/uploads\/2021\/09\/Kinderballett_4mp-1024x683.jpg\" alt=\"\" class=\"wp-image-276\" srcset=\"https:\/\/tanzparkett-engel.de\/tp_wp\/wp-content\/uploads\/2021\/09\/Kinderballett_4mp-1024x683.jpg 1024w, https:\/\/tanzparkett-engel.de\/tp_wp\/wp-content\/uploads\/2021\/09\/Kinderballett_4mp-300x200.jpg 300w, https:\/\/tanzparkett-engel.de\/tp_wp\/wp-content\/uploads\/2021\/09\/Kinderballett_4mp-768x512.jpg 768w, https:\/\/tanzparkett-engel.de\/tp_wp\/wp-content\/uploads\/2021\/09\/Kinderballett_4mp-1536x1024.jpg 1536w, https:\/\/tanzparkett-engel.de\/tp_wp\/wp-content\/uploads\/2021\/09\/Kinderballett_4mp-2048x1365.jpg 2048w, https:\/\/tanzparkett-engel.de\/tp_wp\/wp-content\/uploads\/2021\/09\/Kinderballett_4mp-1568x1045.jpg 1568w\" sizes=\"(max-width: 1024px) 100vw, 1024px\" \/><figcaption> <\/figcaption><\/figure>\n\n\n\n<p>Mit etwa vier Jahren beginnen die kleinen T\u00e4nzerinnen und T\u00e4nzer bei uns ihre ersten Erfahrungen im klassischen Tanz zu sammeln.<\/p>\n\n\n\n<h6>Kurszeiten<\/h6>\n\n\n\n<pre class=\"wp-block-preformatted\">Kinderballett 1 \n(3,5 - 4,5 J.):                                            Montag 16.00 - 17.00 <meta charset=\"utf-8\">Uhr             <\/pre>\n\n\n\n<pre class=\"wp-block-preformatted\">Kinderballett 2 \n(4 - 5 J.):               \nFreitag 17.00 - 18.00 <meta charset=\"utf-8\">Uhr             <\/pre>\n\n\n\n<pre class=\"wp-block-preformatted\">Kinderballett 3 \n(5 - 6 J.):                   Donnerstag 17.00 - 18.00 Uhr<\/pre>\n<\/div>\n\n\n\n<div class=\"wp-block-column\">\n<h5>Klassisches Ballett<\/h5>\n\n\n\n<figure class=\"wp-block-image size-large\"><img loading=\"lazy\" width=\"1024\" height=\"683\" src=\"https:\/\/tanzparkett-engel.de\/tp_wp\/wp-content\/uploads\/2021\/09\/Spitzenschuhe_4mp-1-1024x683.jpg\" alt=\"\" class=\"wp-image-278\" srcset=\"https:\/\/tanzparkett-engel.de\/tp_wp\/wp-content\/uploads\/2021\/09\/Spitzenschuhe_4mp-1-1024x683.jpg 1024w, https:\/\/tanzparkett-engel.de\/tp_wp\/wp-content\/uploads\/2021\/09\/Spitzenschuhe_4mp-1-300x200.jpg 300w, https:\/\/tanzparkett-engel.de\/tp_wp\/wp-content\/uploads\/2021\/09\/Spitzenschuhe_4mp-1-768x512.jpg 768w, https:\/\/tanzparkett-engel.de\/tp_wp\/wp-content\/uploads\/2021\/09\/Spitzenschuhe_4mp-1-1536x1024.jpg 1536w, https:\/\/tanzparkett-engel.de\/tp_wp\/wp-content\/uploads\/2021\/09\/Spitzenschuhe_4mp-1-2048x1365.jpg 2048w, https:\/\/tanzparkett-engel.de\/tp_wp\/wp-content\/uploads\/2021\/09\/Spitzenschuhe_4mp-1-1568x1045.jpg 1568w\" sizes=\"(max-width: 1024px) 100vw, 1024px\" \/><figcaption> <\/figcaption><\/figure>\n\n\n\n<p>Ab dem Schulalter wird das klassische Ballett unterrichtet. Eine Altersbegrenzung gibt es bei uns nicht.<\/p>\n\n\n\n<h6>Kurszeiten <\/h6>\n\n\n\n<pre class=\"wp-block-preformatted\">Ballett 1 \n(6 - 7 J.):                          Dienstag 16.00- 17.00 <meta charset=\"utf-8\">Uhr               <\/pre>\n\n\n\n<pre class=\"wp-block-preformatted\">Ballett 2 \n(7 - 8 J.):                              Donnerstag 15.30 - 17.00 <meta charset=\"utf-8\">Uhr<\/pre>\n\n\n\n<pre class=\"wp-block-preformatted\">Ballett 3 \n(8 - 9 J.):                            Dienstag 17.00 - 18.30 <meta charset=\"utf-8\">Uhr<\/pre>\n\n\n\n<pre class=\"wp-block-preformatted\">Ballett 4\/Mittelstufe 1:                                                 Montag 16.00 - 17.30 <meta charset=\"utf-8\">Uhr<\/pre>\n\n\n\n<pre class=\"wp-block-preformatted\">Ballett 5 (Mittelstufe 1):                                               Montag 16.00 - 17.30 <meta charset=\"utf-8\">Uhr                     <\/pre>\n\n\n\n<pre class=\"wp-block-preformatted\">Ballett 6\/Mittelstufe 2 \n(ab 11 J.):                                                 Montag 17.30 - 19.00 <meta charset=\"utf-8\">Uhr<\/pre>\n\n\n\n<pre class=\"wp-block-preformatted\">Ballett 7a\/Mittelstufe 3\n(ab 14 J.):\nMittwoch 17.00 - 18.30 Uhr\nBallett 7b\/Mittelstufe 3:                                                 Montag 19.00 - 20.30 <meta charset=\"utf-8\">Uhr                    <\/pre>\n\n\n\n<pre class=\"wp-block-preformatted\">Ballett 8\/Oberstufe \n(ab 15 J.+ Erw.):                    \nDienstag 18.30 - 20.00 Uhr\nMittwoch 18.30 - 20.00 <meta charset=\"utf-8\">Uhr\n\nSpitzentraining Anf\u00e4nger \n(11 - 12 J.)\nMittwoch 18.30 - 19.30 Uhr\n\nSpitzentraining Anf\u00e4nger \n(ab 13 J.)\nDonnerstag 18.00 - 19.00 Uhr\n\nNEU Ballett \u00dc50\n\"Hobby\" (nur mit Voranmeldung):\nMittwoch 11.00 - 12.30 Uhr<\/pre>\n<\/div>\n<\/div>\n\n\n\n<div class=\"wp-block-columns\">\n<div class=\"wp-block-column\">\n<h5>Gymnastik Kids<\/h5>\n\n\n\n<figure class=\"wp-block-image size-large\"><img loading=\"lazy\" width=\"1024\" height=\"683\" src=\"https:\/\/tanzparkett-engel.de\/tp_wp\/wp-content\/uploads\/2021\/09\/Gymnastik-Kids_4mp-1024x683.jpg\" alt=\"\" class=\"wp-image-279\" srcset=\"https:\/\/tanzparkett-engel.de\/tp_wp\/wp-content\/uploads\/2021\/09\/Gymnastik-Kids_4mp-1024x683.jpg 1024w, https:\/\/tanzparkett-engel.de\/tp_wp\/wp-content\/uploads\/2021\/09\/Gymnastik-Kids_4mp-300x200.jpg 300w, https:\/\/tanzparkett-engel.de\/tp_wp\/wp-content\/uploads\/2021\/09\/Gymnastik-Kids_4mp-768x512.jpg 768w, https:\/\/tanzparkett-engel.de\/tp_wp\/wp-content\/uploads\/2021\/09\/Gymnastik-Kids_4mp-1536x1024.jpg 1536w, https:\/\/tanzparkett-engel.de\/tp_wp\/wp-content\/uploads\/2021\/09\/Gymnastik-Kids_4mp-2048x1365.jpg 2048w, https:\/\/tanzparkett-engel.de\/tp_wp\/wp-content\/uploads\/2021\/09\/Gymnastik-Kids_4mp-1568x1045.jpg 1568w\" sizes=\"(max-width: 1024px) 100vw, 1024px\" \/><figcaption> <\/figcaption><\/figure>\n\n\n\n<p>Das Training in der Gymnastikklasse f\u00f6rdert die Beweglichkeit und Ausdauer der Kinder. Diese Klasse ist eine gute  Erg\u00e4nzung zum Ballett und Modern Dance.                 <\/p>\n\n\n\n<h6>Kurszeiten <\/h6>\n\n\n\n<pre class=\"wp-block-preformatted\">Nach Anfrage<\/pre>\n<\/div>\n\n\n\n<div class=\"wp-block-column\">\n<h5>Modern Dance<\/h5>\n\n\n\n<figure class=\"wp-block-image size-large\"><img loading=\"lazy\" width=\"1024\" height=\"681\" src=\"https:\/\/tanzparkett-engel.de\/tp_wp\/wp-content\/uploads\/2021\/09\/Modern_4MP-1024x681.jpg\" alt=\"\" class=\"wp-image-280\" srcset=\"https:\/\/tanzparkett-engel.de\/tp_wp\/wp-content\/uploads\/2021\/09\/Modern_4MP-1024x681.jpg 1024w, https:\/\/tanzparkett-engel.de\/tp_wp\/wp-content\/uploads\/2021\/09\/Modern_4MP-300x200.jpg 300w, https:\/\/tanzparkett-engel.de\/tp_wp\/wp-content\/uploads\/2021\/09\/Modern_4MP-768x511.jpg 768w, https:\/\/tanzparkett-engel.de\/tp_wp\/wp-content\/uploads\/2021\/09\/Modern_4MP-1536x1022.jpg 1536w, https:\/\/tanzparkett-engel.de\/tp_wp\/wp-content\/uploads\/2021\/09\/Modern_4MP-2048x1363.jpg 2048w, https:\/\/tanzparkett-engel.de\/tp_wp\/wp-content\/uploads\/2021\/09\/Modern_4MP-1568x1043.jpg 1568w\" sizes=\"(max-width: 1024px) 100vw, 1024px\" \/><figcaption> <\/figcaption><\/figure>\n\n\n\n<p>In drei Altersklassen erlernen Kinder und Jugendliche bei uns die Techniken des Modern Dance und zeigen auch dieses K\u00f6nnen auf der B\u00fchne.                 <\/p>\n\n\n\n<h6>Kurszeiten <\/h6>\n\n\n\n<pre class=\"wp-block-preformatted\">Modern Dance Kids 1 \n(ab 6 J.):              \nDonnerstag 17.00 - 18.00 <meta charset=\"utf-8\">Uhr<\/pre>\n\n\n\n<pre class=\"wp-block-preformatted\">Modern Dance Kids 2 \n(10 - 12 J.):                                       Donnerstag 18.00 - 19.00 <meta charset=\"utf-8\">Uhr<\/pre>\n\n\n\n<pre class=\"wp-block-preformatted\">Modern Dance 3\/Teens:                   Donnerstag 19.00 - 20.00 <meta charset=\"utf-8\">Uhr<\/pre>\n<\/div>\n<\/div>\n\n\n\n<div class=\"wp-block-columns\">\n<div class=\"wp-block-column\">\n<h5>Hip Hop<\/h5>\n\n\n\n<figure class=\"wp-block-image size-large\"><img loading=\"lazy\" width=\"1024\" height=\"683\" src=\"https:\/\/tanzparkett-engel.de\/tp_wp\/wp-content\/uploads\/2021\/09\/HipHop_4mp-1024x683.jpg\" alt=\"\" class=\"wp-image-281\" srcset=\"https:\/\/tanzparkett-engel.de\/tp_wp\/wp-content\/uploads\/2021\/09\/HipHop_4mp-1024x683.jpg 1024w, https:\/\/tanzparkett-engel.de\/tp_wp\/wp-content\/uploads\/2021\/09\/HipHop_4mp-300x200.jpg 300w, https:\/\/tanzparkett-engel.de\/tp_wp\/wp-content\/uploads\/2021\/09\/HipHop_4mp-768x512.jpg 768w, https:\/\/tanzparkett-engel.de\/tp_wp\/wp-content\/uploads\/2021\/09\/HipHop_4mp-1536x1024.jpg 1536w, https:\/\/tanzparkett-engel.de\/tp_wp\/wp-content\/uploads\/2021\/09\/HipHop_4mp-2048x1365.jpg 2048w, https:\/\/tanzparkett-engel.de\/tp_wp\/wp-content\/uploads\/2021\/09\/HipHop_4mp-1568x1045.jpg 1568w\" sizes=\"(max-width: 1024px) 100vw, 1024px\" \/><figcaption> <\/figcaption><\/figure>\n\n\n\n<p>Wie schon im Modern Dance lernen die Kinder und Jugendliche in drei Altersklassen unterschiedliche Stile der Hip Hop Tanzkultur kennen.<\/p>\n\n\n\n<h6>Kurszeiten <\/h6>\n\n\n\n<pre class=\"wp-block-preformatted\">Hip Hop Kids 1a Anf\u00e4nger            (ab 6 J.):                             Freitag 15.00 - 16.00 Uhr\nHip Hop Kids 1b Anf\u00e4nger\n(ab 8 J.)\nFreitag 16.00 - 17.00 <meta charset=\"utf-8\">Uhr <\/pre>\n\n\n\n<pre class=\"wp-block-preformatted\">Hip Hop Kids 2 Fortgeschrittene:                  \nFreitag 17.00 - 18.00 <meta charset=\"utf-8\">Uhr <\/pre>\n\n\n\n<pre class=\"wp-block-preformatted\">Hip Hop Teens 1 Anf\u00e4nger           (ab 12 J.):                                       Freitag 18.00 - 19.00 <meta charset=\"utf-8\">Uhr\n\nHip Hop Teens 2 Fortgeschrittene:\nFreitag 19.00 - 20.00 Uhr<\/pre>\n<\/div>\n\n\n\n<div class=\"wp-block-column\">\n<h5>Tanzensemble<\/h5>\n\n\n\n<figure class=\"wp-block-image size-large\"><img loading=\"lazy\" width=\"1024\" height=\"683\" src=\"https:\/\/tanzparkett-engel.de\/tp_wp\/wp-content\/uploads\/2021\/09\/Ensemble_4mp-1-1024x683.jpg\" alt=\"\" class=\"wp-image-283\" srcset=\"https:\/\/tanzparkett-engel.de\/tp_wp\/wp-content\/uploads\/2021\/09\/Ensemble_4mp-1-1024x683.jpg 1024w, https:\/\/tanzparkett-engel.de\/tp_wp\/wp-content\/uploads\/2021\/09\/Ensemble_4mp-1-300x200.jpg 300w, https:\/\/tanzparkett-engel.de\/tp_wp\/wp-content\/uploads\/2021\/09\/Ensemble_4mp-1-768x512.jpg 768w, https:\/\/tanzparkett-engel.de\/tp_wp\/wp-content\/uploads\/2021\/09\/Ensemble_4mp-1-1536x1024.jpg 1536w, https:\/\/tanzparkett-engel.de\/tp_wp\/wp-content\/uploads\/2021\/09\/Ensemble_4mp-1-2048x1365.jpg 2048w, https:\/\/tanzparkett-engel.de\/tp_wp\/wp-content\/uploads\/2021\/09\/Ensemble_4mp-1-1568x1045.jpg 1568w\" sizes=\"(max-width: 1024px) 100vw, 1024px\" \/><figcaption> <\/figcaption><\/figure>\n\n\n\n<p>In unseren Tanzensembles erarbeiten besonders interessierte Sch\u00fclerinnen und Sch\u00fcler zahlreiche Choreografien f\u00fcr zus\u00e4tzliche Auftritte.<\/p>\n\n\n\n<p>Die Teilnahme erfolgt nur nach erfolgreichem Vortanzen und Aufnahme ins entsprechende Ensemble.<\/p>\n\n\n\n<pre class=\"wp-block-preformatted\">Ballett Junior Company (8 - 11 J.)\nBallett Young Company (ab 12 J.)\nHip Hop Company (ab 12 J.)<\/pre>\n\n\n\n<p><\/p>\n\n\n\n<p><\/p>\n<\/div>\n<\/div>\n\n\n\n<div class=\"wp-block-columns\">\n<div class=\"wp-block-column\">\n<h5>Eltern-Kind-Tanz<\/h5>\n\n\n\n<figure class=\"wp-block-image size-full\"><img loading=\"lazy\" width=\"419\" height=\"269\" src=\"https:\/\/tanzparkett-engel.de\/tp_wp\/wp-content\/uploads\/2025\/09\/ekt2.png\" alt=\"\" class=\"wp-image-616\" srcset=\"https:\/\/tanzparkett-engel.de\/tp_wp\/wp-content\/uploads\/2025\/09\/ekt2.png 419w, https:\/\/tanzparkett-engel.de\/tp_wp\/wp-content\/uploads\/2025\/09\/ekt2-300x193.png 300w\" sizes=\"(max-width: 419px) 100vw, 419px\" \/><\/figure>\n\n\n\n<p>Kinder im Alter zwischen zwei und vier Jahren erkunden behutsam und spielerisch in Begleitung ihrer Eltern oder Gro\u00dfeltern die zauberhafte Welt des Tanzes.<\/p>\n\n\n\n<h6>Kurszeiten<\/h6>\n\n\n\n<pre class=\"wp-block-preformatted\">Teilnahme nur nach Anmeldung\nMontag 15.00 - 16.00 Uhr<\/pre>\n<\/div>\n\n\n\n<div class=\"wp-block-column\">\n<h5>Yoga und Pilates<\/h5>\n\n\n\n<figure class=\"wp-block-image size-full\"><img loading=\"lazy\" width=\"431\" height=\"276\" src=\"https:\/\/tanzparkett-engel.de\/tp_wp\/wp-content\/uploads\/2025\/09\/Bild_2025-09-09_213937241.png\" alt=\"\" class=\"wp-image-614\" srcset=\"https:\/\/tanzparkett-engel.de\/tp_wp\/wp-content\/uploads\/2025\/09\/Bild_2025-09-09_213937241.png 431w, https:\/\/tanzparkett-engel.de\/tp_wp\/wp-content\/uploads\/2025\/09\/Bild_2025-09-09_213937241-300x192.png 300w\" sizes=\"(max-width: 431px) 100vw, 431px\" \/><\/figure>\n\n\n\n<p>F\u00fcr Interessierte ab 9 J. <br>Abwechselnd samstags 10.00 &#8211; 11.00 Uhr <\/p>\n<\/div>\n<\/div>\n\n\n\n<h2 class=\"has-text-align-center\">Kurse unserer Partner<\/h2>\n\n\n\n<div class=\"wp-block-columns\">\n<div class=\"wp-block-column\">\n<h5>Capoeira<\/h5>\n\n\n\n<figure class=\"wp-block-image size-large\"><img loading=\"lazy\" width=\"1024\" height=\"730\" src=\"https:\/\/tanzparkett-engel.de\/tp_wp\/wp-content\/uploads\/2021\/09\/Capoeira-Kids-1024x730.png\" alt=\"\" class=\"wp-image-337\" srcset=\"https:\/\/tanzparkett-engel.de\/tp_wp\/wp-content\/uploads\/2021\/09\/Capoeira-Kids-1024x730.png 1024w, https:\/\/tanzparkett-engel.de\/tp_wp\/wp-content\/uploads\/2021\/09\/Capoeira-Kids-300x214.png 300w, https:\/\/tanzparkett-engel.de\/tp_wp\/wp-content\/uploads\/2021\/09\/Capoeira-Kids-768x548.png 768w, https:\/\/tanzparkett-engel.de\/tp_wp\/wp-content\/uploads\/2021\/09\/Capoeira-Kids-1536x1096.png 1536w, https:\/\/tanzparkett-engel.de\/tp_wp\/wp-content\/uploads\/2021\/09\/Capoeira-Kids-1568x1118.png 1568w, https:\/\/tanzparkett-engel.de\/tp_wp\/wp-content\/uploads\/2021\/09\/Capoeira-Kids.png 1772w\" sizes=\"(max-width: 1024px) 100vw, 1024px\" \/><figcaption> <\/figcaption><\/figure>\n\n\n\n<pre class=\"wp-block-preformatted\">Capoeira Kids und Teens:                                      Dienstag, Mittwoch sowie Freitag<\/pre>\n\n\n\n<pre class=\"wp-block-preformatted\">Capoeira Erwachsene:                                              Montag und Donnerstag\n\n<span class=\"has-inline-color has-primary-color\">Info unter: ibeca@gmx.de<\/span><\/pre>\n\n\n\n<div class=\"wp-block-buttons\">\n<div class=\"wp-block-button\"><a class=\"wp-block-button__link\" href=\"www.capoeirafuerthkids.de\">Info Kids<\/a><\/div>\n\n\n\n<div class=\"wp-block-button\"><a class=\"wp-block-button__link\" href=\"www.capoeirafuerth.de\">Info Erwachsene<\/a><\/div>\n<\/div>\n<\/div>\n<\/div>\n","protected":false},"excerpt":{"rendered":"<p>Hier findet Ihr unsere Kurse. F\u00fcr eine kostenfreie Probestunde schreibt uns eine E-Mail oder ruft uns an. Die Altersangaben bei Kindern dienen lediglich der Orientierung. Nach dem Kennenlernen in der Probestunde kann es dazu kommen, dass wir eine andere Altersklasse empfehlen. Kinderballett Mit etwa vier Jahren beginnen die kleinen T\u00e4nzerinnen und T\u00e4nzer bei uns ihre<a class=\"more-link\" href=\"https:\/\/tanzparkett-engel.de\/tp_wp\/classes\/\"><span class=\"screen-reader-text\">&#8222;Kurse&#8220;<\/span> weiterlesen<\/a><\/p>\n","protected":false},"author":1,"featured_media":0,"parent":0,"menu_order":0,"comment_status":"closed","ping_status":"closed","template":"","meta":[],"_links":{"self":[{"href":"https:\/\/tanzparkett-engel.de\/tp_wp\/wp-json\/wp\/v2\/pages\/31"}],"collection":[{"href":"https:\/\/tanzparkett-engel.de\/tp_wp\/wp-json\/wp\/v2\/pages"}],"about":[{"href":"https:\/\/tanzparkett-engel.de\/tp_wp\/wp-json\/wp\/v2\/types\/page"}],"author":[{"embeddable":true,"href":"https:\/\/tanzparkett-engel.de\/tp_wp\/wp-json\/wp\/v2\/users\/1"}],"replies":[{"embeddable":true,"href":"https:\/\/tanzparkett-engel.de\/tp_wp\/wp-json\/wp\/v2\/comments?post=31"}],"version-history":[{"count":93,"href":"https:\/\/tanzparkett-engel.de\/tp_wp\/wp-json\/wp\/v2\/pages\/31\/revisions"}],"predecessor-version":[{"id":617,"href":"https:\/\/tanzparkett-engel.de\/tp_wp\/wp-json\/wp\/v2\/pages\/31\/revisions\/617"}],"wp:attachment":[{"href":"https:\/\/tanzparkett-engel.de\/tp_wp\/wp-json\/wp\/v2\/media?parent=31"}],"curies":[{"name":"wp","href":"https:\/\/api.w.org\/{rel}","templated":true}]}}