{"id":32,"date":"2021-08-22T21:58:02","date_gmt":"2021-08-22T19:58:02","guid":{"rendered":"https:\/\/tanzparkett-engel.de\/tp_wp\/?page_id=32"},"modified":"2023-12-18T10:21:49","modified_gmt":"2023-12-18T09:21:49","slug":"about","status":"publish","type":"page","link":"https:\/\/tanzparkett-engel.de\/tp_wp\/about\/","title":{"rendered":"\u00dcber uns"},"content":{"rendered":"\n<figure class=\"wp-block-image size-large\"><img loading=\"lazy\" width=\"1024\" height=\"522\" src=\"https:\/\/tanzparkett-engel.de\/tp_wp\/wp-content\/uploads\/2021\/09\/Ueber-uns_Cover_4mp-1024x522.jpg\" alt=\"\" class=\"wp-image-301\" srcset=\"https:\/\/tanzparkett-engel.de\/tp_wp\/wp-content\/uploads\/2021\/09\/Ueber-uns_Cover_4mp-1024x522.jpg 1024w, https:\/\/tanzparkett-engel.de\/tp_wp\/wp-content\/uploads\/2021\/09\/Ueber-uns_Cover_4mp-300x153.jpg 300w, https:\/\/tanzparkett-engel.de\/tp_wp\/wp-content\/uploads\/2021\/09\/Ueber-uns_Cover_4mp-768x392.jpg 768w, https:\/\/tanzparkett-engel.de\/tp_wp\/wp-content\/uploads\/2021\/09\/Ueber-uns_Cover_4mp-1536x783.jpg 1536w, https:\/\/tanzparkett-engel.de\/tp_wp\/wp-content\/uploads\/2021\/09\/Ueber-uns_Cover_4mp-2048x1044.jpg 2048w, https:\/\/tanzparkett-engel.de\/tp_wp\/wp-content\/uploads\/2021\/09\/Ueber-uns_Cover_4mp-1568x800.jpg 1568w\" sizes=\"(max-width: 1024px) 100vw, 1024px\" \/><figcaption> <\/figcaption><\/figure>\n\n\n\n<p class=\"has-text-align-center\">Wir sind eine Ballettschule im Herzen F\u00fcrths. Die Liebe zur Tradition des klassischen Tanzes, die Kreativit\u00e4t im Ausdruckstanz und die k\u00fcnstlerische Erziehung der jungen Talente durch unsere ausgebildeten P\u00e4dagogen sind die tragenden S\u00e4ulen unserer Ballettschule. Wir lieben und leben unseren Beruf. Dieses Leben m\u00f6chten wir mit Kindern und Erwachsenen teilen.<\/p>\n\n\n\n<p class=\"has-text-align-center\">Entdeckt die wunderbare Welt des Tanzes.<\/p>\n\n\n\n<div class=\"wp-block-columns\">\n<div class=\"wp-block-column\">\n<figure class=\"wp-block-image size-large\"><img loading=\"lazy\" width=\"1024\" height=\"682\" src=\"https:\/\/tanzparkett-engel.de\/tp_wp\/wp-content\/uploads\/2021\/09\/Ueber_uns_Christine_Engel-1024x682.jpg\" alt=\"\" class=\"wp-image-303\" srcset=\"https:\/\/tanzparkett-engel.de\/tp_wp\/wp-content\/uploads\/2021\/09\/Ueber_uns_Christine_Engel-1024x682.jpg 1024w, https:\/\/tanzparkett-engel.de\/tp_wp\/wp-content\/uploads\/2021\/09\/Ueber_uns_Christine_Engel-300x200.jpg 300w, https:\/\/tanzparkett-engel.de\/tp_wp\/wp-content\/uploads\/2021\/09\/Ueber_uns_Christine_Engel-768x512.jpg 768w, https:\/\/tanzparkett-engel.de\/tp_wp\/wp-content\/uploads\/2021\/09\/Ueber_uns_Christine_Engel.jpg 1280w\" sizes=\"(max-width: 1024px) 100vw, 1024px\" \/><figcaption> <\/figcaption><\/figure>\n<\/div>\n\n\n\n<div class=\"wp-block-column\">\n<figure class=\"wp-block-image size-large\"><img loading=\"lazy\" width=\"1024\" height=\"683\" src=\"https:\/\/tanzparkett-engel.de\/tp_wp\/wp-content\/uploads\/2021\/09\/Ueber_uns_Kinder_4mp-1024x683.jpg\" alt=\"\" class=\"wp-image-304\" srcset=\"https:\/\/tanzparkett-engel.de\/tp_wp\/wp-content\/uploads\/2021\/09\/Ueber_uns_Kinder_4mp-1024x683.jpg 1024w, https:\/\/tanzparkett-engel.de\/tp_wp\/wp-content\/uploads\/2021\/09\/Ueber_uns_Kinder_4mp-300x200.jpg 300w, https:\/\/tanzparkett-engel.de\/tp_wp\/wp-content\/uploads\/2021\/09\/Ueber_uns_Kinder_4mp-768x512.jpg 768w, https:\/\/tanzparkett-engel.de\/tp_wp\/wp-content\/uploads\/2021\/09\/Ueber_uns_Kinder_4mp-1536x1024.jpg 1536w, https:\/\/tanzparkett-engel.de\/tp_wp\/wp-content\/uploads\/2021\/09\/Ueber_uns_Kinder_4mp-2048x1365.jpg 2048w, https:\/\/tanzparkett-engel.de\/tp_wp\/wp-content\/uploads\/2021\/09\/Ueber_uns_Kinder_4mp-1568x1045.jpg 1568w\" sizes=\"(max-width: 1024px) 100vw, 1024px\" \/><figcaption> <\/figcaption><\/figure>\n<\/div>\n\n\n\n<div class=\"wp-block-column\">\n<figure class=\"wp-block-image size-large\"><img loading=\"lazy\" width=\"1024\" height=\"683\" src=\"https:\/\/tanzparkett-engel.de\/tp_wp\/wp-content\/uploads\/2021\/09\/Ueber_uns_Charakter_4mp-1024x683.jpg\" alt=\"\" class=\"wp-image-305\" srcset=\"https:\/\/tanzparkett-engel.de\/tp_wp\/wp-content\/uploads\/2021\/09\/Ueber_uns_Charakter_4mp-1024x683.jpg 1024w, https:\/\/tanzparkett-engel.de\/tp_wp\/wp-content\/uploads\/2021\/09\/Ueber_uns_Charakter_4mp-300x200.jpg 300w, https:\/\/tanzparkett-engel.de\/tp_wp\/wp-content\/uploads\/2021\/09\/Ueber_uns_Charakter_4mp-768x512.jpg 768w, https:\/\/tanzparkett-engel.de\/tp_wp\/wp-content\/uploads\/2021\/09\/Ueber_uns_Charakter_4mp-1536x1024.jpg 1536w, https:\/\/tanzparkett-engel.de\/tp_wp\/wp-content\/uploads\/2021\/09\/Ueber_uns_Charakter_4mp-2048x1365.jpg 2048w, https:\/\/tanzparkett-engel.de\/tp_wp\/wp-content\/uploads\/2021\/09\/Ueber_uns_Charakter_4mp-1568x1045.jpg 1568w\" sizes=\"(max-width: 1024px) 100vw, 1024px\" \/><figcaption> <\/figcaption><\/figure>\n<\/div>\n<\/div>\n\n\n\n<div class=\"wp-block-columns\">\n<div class=\"wp-block-column\">\n<figure class=\"wp-block-image size-large\"><img loading=\"lazy\" width=\"683\" height=\"1024\" src=\"https:\/\/tanzparkett-engel.de\/tp_wp\/wp-content\/uploads\/2021\/09\/Ueber-uns_-HipHop_4MP-683x1024.jpg\" alt=\"\" class=\"wp-image-306\" srcset=\"https:\/\/tanzparkett-engel.de\/tp_wp\/wp-content\/uploads\/2021\/09\/Ueber-uns_-HipHop_4MP-683x1024.jpg 683w, https:\/\/tanzparkett-engel.de\/tp_wp\/wp-content\/uploads\/2021\/09\/Ueber-uns_-HipHop_4MP-200x300.jpg 200w, https:\/\/tanzparkett-engel.de\/tp_wp\/wp-content\/uploads\/2021\/09\/Ueber-uns_-HipHop_4MP-768x1152.jpg 768w, https:\/\/tanzparkett-engel.de\/tp_wp\/wp-content\/uploads\/2021\/09\/Ueber-uns_-HipHop_4MP-1024x1536.jpg 1024w, https:\/\/tanzparkett-engel.de\/tp_wp\/wp-content\/uploads\/2021\/09\/Ueber-uns_-HipHop_4MP-1365x2048.jpg 1365w, https:\/\/tanzparkett-engel.de\/tp_wp\/wp-content\/uploads\/2021\/09\/Ueber-uns_-HipHop_4MP-1568x2352.jpg 1568w, https:\/\/tanzparkett-engel.de\/tp_wp\/wp-content\/uploads\/2021\/09\/Ueber-uns_-HipHop_4MP.jpg 1672w\" sizes=\"(max-width: 683px) 100vw, 683px\" \/><figcaption> <\/figcaption><\/figure>\n<\/div>\n\n\n\n<div class=\"wp-block-column\">\n<figure class=\"wp-block-image size-large\"><img loading=\"lazy\" width=\"683\" height=\"1024\" src=\"https:\/\/tanzparkett-engel.de\/tp_wp\/wp-content\/uploads\/2021\/09\/Ueber_uns_mit_Anja_Campos_4mp-683x1024.jpg\" alt=\"\" class=\"wp-image-307\" srcset=\"https:\/\/tanzparkett-engel.de\/tp_wp\/wp-content\/uploads\/2021\/09\/Ueber_uns_mit_Anja_Campos_4mp-683x1024.jpg 683w, https:\/\/tanzparkett-engel.de\/tp_wp\/wp-content\/uploads\/2021\/09\/Ueber_uns_mit_Anja_Campos_4mp-200x300.jpg 200w, https:\/\/tanzparkett-engel.de\/tp_wp\/wp-content\/uploads\/2021\/09\/Ueber_uns_mit_Anja_Campos_4mp-768x1152.jpg 768w, https:\/\/tanzparkett-engel.de\/tp_wp\/wp-content\/uploads\/2021\/09\/Ueber_uns_mit_Anja_Campos_4mp-1024x1536.jpg 1024w, https:\/\/tanzparkett-engel.de\/tp_wp\/wp-content\/uploads\/2021\/09\/Ueber_uns_mit_Anja_Campos_4mp-1365x2048.jpg 1365w, https:\/\/tanzparkett-engel.de\/tp_wp\/wp-content\/uploads\/2021\/09\/Ueber_uns_mit_Anja_Campos_4mp-1568x2352.jpg 1568w, https:\/\/tanzparkett-engel.de\/tp_wp\/wp-content\/uploads\/2021\/09\/Ueber_uns_mit_Anja_Campos_4mp.jpg 1672w\" sizes=\"(max-width: 683px) 100vw, 683px\" \/><figcaption> <\/figcaption><\/figure>\n<\/div>\n\n\n\n<div class=\"wp-block-column\">\n<figure class=\"wp-block-image size-large\"><img loading=\"lazy\" width=\"683\" height=\"1024\" src=\"https:\/\/tanzparkett-engel.de\/tp_wp\/wp-content\/uploads\/2021\/09\/Ueber-uns_Ballett_4MP-683x1024.jpg\" alt=\"\" class=\"wp-image-308\" srcset=\"https:\/\/tanzparkett-engel.de\/tp_wp\/wp-content\/uploads\/2021\/09\/Ueber-uns_Ballett_4MP-683x1024.jpg 683w, https:\/\/tanzparkett-engel.de\/tp_wp\/wp-content\/uploads\/2021\/09\/Ueber-uns_Ballett_4MP-200x300.jpg 200w, https:\/\/tanzparkett-engel.de\/tp_wp\/wp-content\/uploads\/2021\/09\/Ueber-uns_Ballett_4MP-768x1152.jpg 768w, https:\/\/tanzparkett-engel.de\/tp_wp\/wp-content\/uploads\/2021\/09\/Ueber-uns_Ballett_4MP-1024x1536.jpg 1024w, https:\/\/tanzparkett-engel.de\/tp_wp\/wp-content\/uploads\/2021\/09\/Ueber-uns_Ballett_4MP-1365x2048.jpg 1365w, https:\/\/tanzparkett-engel.de\/tp_wp\/wp-content\/uploads\/2021\/09\/Ueber-uns_Ballett_4MP-1568x2352.jpg 1568w, https:\/\/tanzparkett-engel.de\/tp_wp\/wp-content\/uploads\/2021\/09\/Ueber-uns_Ballett_4MP.jpg 1672w\" sizes=\"(max-width: 683px) 100vw, 683px\" \/><figcaption> <\/figcaption><\/figure>\n<\/div>\n<\/div>\n","protected":false},"excerpt":{"rendered":"<p>Wir sind eine Ballettschule im Herzen F\u00fcrths. Die Liebe zur Tradition des klassischen Tanzes, die Kreativit\u00e4t im Ausdruckstanz und die k\u00fcnstlerische Erziehung der jungen Talente durch unsere ausgebildeten P\u00e4dagogen sind die tragenden S\u00e4ulen unserer Ballettschule. Wir lieben und leben unseren Beruf. Dieses Leben m\u00f6chten wir mit Kindern und Erwachsenen teilen. Entdeckt die wunderbare Welt des<a class=\"more-link\" href=\"https:\/\/tanzparkett-engel.de\/tp_wp\/about\/\"><span class=\"screen-reader-text\">&#8222;\u00dcber uns&#8220;<\/span> weiterlesen<\/a><\/p>\n","protected":false},"author":1,"featured_media":0,"parent":0,"menu_order":0,"comment_status":"closed","ping_status":"closed","template":"","meta":[],"_links":{"self":[{"href":"https:\/\/tanzparkett-engel.de\/tp_wp\/wp-json\/wp\/v2\/pages\/32"}],"collection":[{"href":"https:\/\/tanzparkett-engel.de\/tp_wp\/wp-json\/wp\/v2\/pages"}],"about":[{"href":"https:\/\/tanzparkett-engel.de\/tp_wp\/wp-json\/wp\/v2\/types\/page"}],"author":[{"embeddable":true,"href":"https:\/\/tanzparkett-engel.de\/tp_wp\/wp-json\/wp\/v2\/users\/1"}],"replies":[{"embeddable":true,"href":"https:\/\/tanzparkett-engel.de\/tp_wp\/wp-json\/wp\/v2\/comments?post=32"}],"version-history":[{"count":9,"href":"https:\/\/tanzparkett-engel.de\/tp_wp\/wp-json\/wp\/v2\/pages\/32\/revisions"}],"predecessor-version":[{"id":556,"href":"https:\/\/tanzparkett-engel.de\/tp_wp\/wp-json\/wp\/v2\/pages\/32\/revisions\/556"}],"wp:attachment":[{"href":"https:\/\/tanzparkett-engel.de\/tp_wp\/wp-json\/wp\/v2\/media?parent=32"}],"curies":[{"name":"wp","href":"https:\/\/api.w.org\/{rel}","templated":true}]}}