{"id":33,"date":"2021-08-22T21:58:02","date_gmt":"2021-08-22T19:58:02","guid":{"rendered":"https:\/\/tanzparkett-engel.de\/tp_wp\/?page_id=33"},"modified":"2024-11-03T18:16:37","modified_gmt":"2024-11-03T17:16:37","slug":"teachers","status":"publish","type":"page","link":"https:\/\/tanzparkett-engel.de\/tp_wp\/teachers\/","title":{"rendered":"Team"},"content":{"rendered":"\n<p class=\"has-text-align-center\">Unser Team besteht aus ausgebildeten, erfahrenen und kreativen Tanzp\u00e4dagogen und Trainern. <\/p>\n\n\n\n<div class=\"wp-block-columns\">\n<div class=\"wp-block-column\">\n<h4>Carlos Edgardo Bonilla Serrano <\/h4>\n\n\n\n<p>Inhaber und k\u00fcnstlerischer Leiter<\/p>\n\n\n\n<p>Diplom-Tanzp\u00e4dagoge und B\u00fchnent\u00e4nzer, Choreograf<\/p>\n\n\n\n<p>Klassisches Ballett, Modern Dance <\/p>\n<\/div>\n\n\n\n<div class=\"wp-block-column\">\n<figure class=\"wp-block-image size-full\"><img loading=\"lazy\" width=\"397\" height=\"507\" src=\"https:\/\/tanzparkett-engel.de\/tp_wp\/wp-content\/uploads\/2024\/11\/Carlos_klein.png\" alt=\"\" class=\"wp-image-566\" srcset=\"https:\/\/tanzparkett-engel.de\/tp_wp\/wp-content\/uploads\/2024\/11\/Carlos_klein.png 397w, https:\/\/tanzparkett-engel.de\/tp_wp\/wp-content\/uploads\/2024\/11\/Carlos_klein-235x300.png 235w\" sizes=\"(max-width: 397px) 100vw, 397px\" \/><\/figure>\n<\/div>\n<\/div>\n\n\n\n<div class=\"wp-block-columns\">\n<div class=\"wp-block-column\">\n<h4>Christine Engel<\/h4>\n\n\n\n<p>Gr\u00fcnderin und 2.  k\u00fcnstlerische Leitung<\/p>\n\n\n\n<p>Diplom-Tanzp\u00e4dagogin und B\u00fchnent\u00e4nzerin <\/p>\n\n\n\n<p>Klassisches Ballett, Kinderballett, Modern Dance<\/p>\n<\/div>\n\n\n\n<div class=\"wp-block-column\">\n<figure class=\"wp-block-image size-large\"><img loading=\"lazy\" width=\"1024\" height=\"683\" src=\"https:\/\/tanzparkett-engel.de\/tp_wp\/wp-content\/uploads\/2021\/09\/Team_Christine_Engel_4mp-1024x683.jpg\" alt=\"\" class=\"wp-image-292\" srcset=\"https:\/\/tanzparkett-engel.de\/tp_wp\/wp-content\/uploads\/2021\/09\/Team_Christine_Engel_4mp-1024x683.jpg 1024w, https:\/\/tanzparkett-engel.de\/tp_wp\/wp-content\/uploads\/2021\/09\/Team_Christine_Engel_4mp-300x200.jpg 300w, https:\/\/tanzparkett-engel.de\/tp_wp\/wp-content\/uploads\/2021\/09\/Team_Christine_Engel_4mp-768x512.jpg 768w, https:\/\/tanzparkett-engel.de\/tp_wp\/wp-content\/uploads\/2021\/09\/Team_Christine_Engel_4mp-1536x1024.jpg 1536w, https:\/\/tanzparkett-engel.de\/tp_wp\/wp-content\/uploads\/2021\/09\/Team_Christine_Engel_4mp-2048x1365.jpg 2048w, https:\/\/tanzparkett-engel.de\/tp_wp\/wp-content\/uploads\/2021\/09\/Team_Christine_Engel_4mp-1568x1045.jpg 1568w\" sizes=\"(max-width: 1024px) 100vw, 1024px\" \/><figcaption> <\/figcaption><\/figure>\n<\/div>\n<\/div>\n\n\n\n<div class=\"wp-block-columns\">\n<div class=\"wp-block-column\">\n<h4>Sana Sakata<\/h4>\n\n\n\n<p>Freiberufliche Diplom-Tanzp\u00e4dagogin und B\u00fchnent\u00e4nzerin <\/p>\n\n\n\n<p>Klassisches Ballett, Kinderballett<\/p>\n<\/div>\n\n\n\n<div class=\"wp-block-column\">\n<figure class=\"wp-block-image size-full\"><img loading=\"lazy\" width=\"615\" height=\"644\" src=\"https:\/\/tanzparkett-engel.de\/tp_wp\/wp-content\/uploads\/2022\/09\/Bild_2022-09-11_233945408.png\" alt=\"\" class=\"wp-image-508\" srcset=\"https:\/\/tanzparkett-engel.de\/tp_wp\/wp-content\/uploads\/2022\/09\/Bild_2022-09-11_233945408.png 615w, https:\/\/tanzparkett-engel.de\/tp_wp\/wp-content\/uploads\/2022\/09\/Bild_2022-09-11_233945408-286x300.png 286w\" sizes=\"(max-width: 615px) 100vw, 615px\" \/><figcaption> <\/figcaption><\/figure>\n<\/div>\n<\/div>\n\n\n\n<div class=\"wp-block-columns\">\n<div class=\"wp-block-column\">\n<h4>Sonbol Eghtessadi<\/h4>\n\n\n\n<p>Freiberufliche Diplom-Tanzp\u00e4dagogin und B\u00fchnent\u00e4nzerin <\/p>\n\n\n\n<p>HipHop<\/p>\n<\/div>\n\n\n\n<div class=\"wp-block-column\">\n<figure class=\"wp-block-image size-large\"><img loading=\"lazy\" width=\"1024\" height=\"870\" src=\"https:\/\/tanzparkett-engel.de\/tp_wp\/wp-content\/uploads\/2021\/09\/Sonbol_4mp-1024x870.jpg\" alt=\"\" class=\"wp-image-297\" srcset=\"https:\/\/tanzparkett-engel.de\/tp_wp\/wp-content\/uploads\/2021\/09\/Sonbol_4mp-1024x870.jpg 1024w, https:\/\/tanzparkett-engel.de\/tp_wp\/wp-content\/uploads\/2021\/09\/Sonbol_4mp-300x255.jpg 300w, https:\/\/tanzparkett-engel.de\/tp_wp\/wp-content\/uploads\/2021\/09\/Sonbol_4mp-768x652.jpg 768w, https:\/\/tanzparkett-engel.de\/tp_wp\/wp-content\/uploads\/2021\/09\/Sonbol_4mp-1536x1304.jpg 1536w, https:\/\/tanzparkett-engel.de\/tp_wp\/wp-content\/uploads\/2021\/09\/Sonbol_4mp-2048x1739.jpg 2048w, https:\/\/tanzparkett-engel.de\/tp_wp\/wp-content\/uploads\/2021\/09\/Sonbol_4mp-1568x1332.jpg 1568w\" sizes=\"(max-width: 1024px) 100vw, 1024px\" \/><figcaption> <\/figcaption><\/figure>\n<\/div>\n<\/div>\n\n\n\n<div class=\"wp-block-columns\">\n<div class=\"wp-block-column\">\n<h4>Olesja Folz<\/h4>\n\n\n\n<p>FreiberuflicheTanzp\u00e4dagogin<\/p>\n\n\n\n<p>Kinderballett, Eltern-Kind-Tanz<\/p>\n<\/div>\n\n\n\n<div class=\"wp-block-column\">\n<figure class=\"wp-block-image size-full\"><img loading=\"lazy\" width=\"902\" height=\"870\" src=\"https:\/\/tanzparkett-engel.de\/tp_wp\/wp-content\/uploads\/2023\/09\/WhatsApp-Image-2023-09-10-at-22.00.03.jpeg\" alt=\"\" class=\"wp-image-530\" srcset=\"https:\/\/tanzparkett-engel.de\/tp_wp\/wp-content\/uploads\/2023\/09\/WhatsApp-Image-2023-09-10-at-22.00.03.jpeg 902w, https:\/\/tanzparkett-engel.de\/tp_wp\/wp-content\/uploads\/2023\/09\/WhatsApp-Image-2023-09-10-at-22.00.03-300x289.jpeg 300w, https:\/\/tanzparkett-engel.de\/tp_wp\/wp-content\/uploads\/2023\/09\/WhatsApp-Image-2023-09-10-at-22.00.03-768x741.jpeg 768w\" sizes=\"(max-width: 902px) 100vw, 902px\" \/><\/figure>\n<\/div>\n<\/div>\n\n\n\n<div class=\"wp-block-columns\">\n<div class=\"wp-block-column\">\n<h4>Sabine Denzler<\/h4>\n\n\n\n<p>Sekret\u00e4rin <\/p>\n<\/div>\n\n\n\n<div class=\"wp-block-column\">\n<figure class=\"wp-block-image size-large\"><img loading=\"lazy\" width=\"1024\" height=\"681\" src=\"https:\/\/tanzparkett-engel.de\/tp_wp\/wp-content\/uploads\/2021\/09\/Sabine_4mp-1024x681.jpg\" alt=\"\" class=\"wp-image-321\" srcset=\"https:\/\/tanzparkett-engel.de\/tp_wp\/wp-content\/uploads\/2021\/09\/Sabine_4mp-1024x681.jpg 1024w, https:\/\/tanzparkett-engel.de\/tp_wp\/wp-content\/uploads\/2021\/09\/Sabine_4mp-300x199.jpg 300w, https:\/\/tanzparkett-engel.de\/tp_wp\/wp-content\/uploads\/2021\/09\/Sabine_4mp-768x510.jpg 768w, https:\/\/tanzparkett-engel.de\/tp_wp\/wp-content\/uploads\/2021\/09\/Sabine_4mp-1536x1021.jpg 1536w, https:\/\/tanzparkett-engel.de\/tp_wp\/wp-content\/uploads\/2021\/09\/Sabine_4mp-2048x1361.jpg 2048w, https:\/\/tanzparkett-engel.de\/tp_wp\/wp-content\/uploads\/2021\/09\/Sabine_4mp-1568x1042.jpg 1568w\" sizes=\"(max-width: 1024px) 100vw, 1024px\" \/><figcaption> <\/figcaption><\/figure>\n<\/div>\n<\/div>\n\n\n\n<h2 class=\"has-text-align-center\">Unsere Partner<\/h2>\n\n\n\n<div class=\"wp-block-columns\">\n<div class=\"wp-block-column\">\n<h4>Montanha<\/h4>\n\n\n\n<p>Capoeira Trainer<\/p>\n\n\n\n<p>Capoeira &#8211; Kinder- &amp; Erwachsenenkurs<\/p>\n\n\n\n<div class=\"wp-block-buttons\">\n<div class=\"wp-block-button\"><a class=\"wp-block-button__link\" href=\"www.capoeirafuerthkids.de\">Info Kids<\/a><\/div>\n\n\n\n<div class=\"wp-block-button\"><a class=\"wp-block-button__link\" href=\"www.capoeirafuerth.de \">Info Erwachsene<\/a><\/div>\n<\/div>\n<\/div>\n\n\n\n<div class=\"wp-block-column\">\n<figure class=\"wp-block-image size-large\"><img loading=\"lazy\" width=\"1021\" height=\"1024\" src=\"https:\/\/tanzparkett-engel.de\/tp_wp\/wp-content\/uploads\/2023\/09\/WhatsApp-Image-2023-09-10-at-21.49.00-1021x1024.jpeg\" alt=\"\" class=\"wp-image-528\" srcset=\"https:\/\/tanzparkett-engel.de\/tp_wp\/wp-content\/uploads\/2023\/09\/WhatsApp-Image-2023-09-10-at-21.49.00-1021x1024.jpeg 1021w, https:\/\/tanzparkett-engel.de\/tp_wp\/wp-content\/uploads\/2023\/09\/WhatsApp-Image-2023-09-10-at-21.49.00-300x300.jpeg 300w, https:\/\/tanzparkett-engel.de\/tp_wp\/wp-content\/uploads\/2023\/09\/WhatsApp-Image-2023-09-10-at-21.49.00-150x150.jpeg 150w, https:\/\/tanzparkett-engel.de\/tp_wp\/wp-content\/uploads\/2023\/09\/WhatsApp-Image-2023-09-10-at-21.49.00-768x771.jpeg 768w, https:\/\/tanzparkett-engel.de\/tp_wp\/wp-content\/uploads\/2023\/09\/WhatsApp-Image-2023-09-10-at-21.49.00.jpeg 1170w\" sizes=\"(max-width: 1021px) 100vw, 1021px\" \/><\/figure>\n<\/div>\n<\/div>\n\n\n\n<p><\/p>\n","protected":false},"excerpt":{"rendered":"<p>Unser Team besteht aus ausgebildeten, erfahrenen und kreativen Tanzp\u00e4dagogen und Trainern. Carlos Edgardo Bonilla Serrano Inhaber und k\u00fcnstlerischer Leiter Diplom-Tanzp\u00e4dagoge und B\u00fchnent\u00e4nzer, Choreograf Klassisches Ballett, Modern Dance Christine Engel Gr\u00fcnderin und 2. k\u00fcnstlerische Leitung Diplom-Tanzp\u00e4dagogin und B\u00fchnent\u00e4nzerin Klassisches Ballett, Kinderballett, Modern Dance Sana Sakata Freiberufliche Diplom-Tanzp\u00e4dagogin und B\u00fchnent\u00e4nzerin Klassisches Ballett, Kinderballett Sonbol Eghtessadi Freiberufliche Diplom-Tanzp\u00e4dagogin<a class=\"more-link\" href=\"https:\/\/tanzparkett-engel.de\/tp_wp\/teachers\/\"><span class=\"screen-reader-text\">&#8222;Team&#8220;<\/span> weiterlesen<\/a><\/p>\n","protected":false},"author":1,"featured_media":0,"parent":0,"menu_order":0,"comment_status":"closed","ping_status":"closed","template":"","meta":[],"_links":{"self":[{"href":"https:\/\/tanzparkett-engel.de\/tp_wp\/wp-json\/wp\/v2\/pages\/33"}],"collection":[{"href":"https:\/\/tanzparkett-engel.de\/tp_wp\/wp-json\/wp\/v2\/pages"}],"about":[{"href":"https:\/\/tanzparkett-engel.de\/tp_wp\/wp-json\/wp\/v2\/types\/page"}],"author":[{"embeddable":true,"href":"https:\/\/tanzparkett-engel.de\/tp_wp\/wp-json\/wp\/v2\/users\/1"}],"replies":[{"embeddable":true,"href":"https:\/\/tanzparkett-engel.de\/tp_wp\/wp-json\/wp\/v2\/comments?post=33"}],"version-history":[{"count":38,"href":"https:\/\/tanzparkett-engel.de\/tp_wp\/wp-json\/wp\/v2\/pages\/33\/revisions"}],"predecessor-version":[{"id":569,"href":"https:\/\/tanzparkett-engel.de\/tp_wp\/wp-json\/wp\/v2\/pages\/33\/revisions\/569"}],"wp:attachment":[{"href":"https:\/\/tanzparkett-engel.de\/tp_wp\/wp-json\/wp\/v2\/media?parent=33"}],"curies":[{"name":"wp","href":"https:\/\/api.w.org\/{rel}","templated":true}]}}