{"id":34,"date":"2021-08-22T21:58:02","date_gmt":"2021-08-22T19:58:02","guid":{"rendered":"https:\/\/tanzparkett-engel.de\/tp_wp\/?page_id=34"},"modified":"2026-03-30T13:43:00","modified_gmt":"2026-03-30T11:43:00","slug":"blog-2","status":"publish","type":"page","link":"https:\/\/tanzparkett-engel.de\/tp_wp\/blog-2\/","title":{"rendered":"News"},"content":{"rendered":"\n<p class=\"has-text-align-center\">Hier findet Ihr alle aktuellen Informationen in Bezug auf den Tanzunterricht in unserer Ballett- und Tanzschule.<\/p>\n\n\n\n<figure class=\"wp-block-image size-large\"><img loading=\"lazy\" width=\"768\" height=\"1024\" src=\"https:\/\/tanzparkett-engel.de\/tp_wp\/wp-content\/uploads\/2026\/03\/WhatsApp-Image-2026-03-30-at-13.37.56-4-768x1024.jpeg\" alt=\"\" class=\"wp-image-644\" srcset=\"https:\/\/tanzparkett-engel.de\/tp_wp\/wp-content\/uploads\/2026\/03\/WhatsApp-Image-2026-03-30-at-13.37.56-4-768x1024.jpeg 768w, https:\/\/tanzparkett-engel.de\/tp_wp\/wp-content\/uploads\/2026\/03\/WhatsApp-Image-2026-03-30-at-13.37.56-4-225x300.jpeg 225w, https:\/\/tanzparkett-engel.de\/tp_wp\/wp-content\/uploads\/2026\/03\/WhatsApp-Image-2026-03-30-at-13.37.56-4-1152x1536.jpeg 1152w, https:\/\/tanzparkett-engel.de\/tp_wp\/wp-content\/uploads\/2026\/03\/WhatsApp-Image-2026-03-30-at-13.37.56-4.jpeg 1260w\" sizes=\"(max-width: 768px) 100vw, 768px\" \/><\/figure>\n\n\n\n<figure class=\"wp-block-image size-full\"><img loading=\"lazy\" width=\"707\" height=\"867\" src=\"https:\/\/tanzparkett-engel.de\/tp_wp\/wp-content\/uploads\/2026\/03\/WhatsApp-Image-2026-03-30-at-13.37.56-3.jpeg\" alt=\"\" class=\"wp-image-643\" srcset=\"https:\/\/tanzparkett-engel.de\/tp_wp\/wp-content\/uploads\/2026\/03\/WhatsApp-Image-2026-03-30-at-13.37.56-3.jpeg 707w, https:\/\/tanzparkett-engel.de\/tp_wp\/wp-content\/uploads\/2026\/03\/WhatsApp-Image-2026-03-30-at-13.37.56-3-245x300.jpeg 245w\" sizes=\"(max-width: 707px) 100vw, 707px\" \/><\/figure>\n\n\n\n<figure class=\"wp-block-image size-large\"><img loading=\"lazy\" width=\"673\" height=\"1024\" src=\"https:\/\/tanzparkett-engel.de\/tp_wp\/wp-content\/uploads\/2026\/03\/WhatsApp-Image-2026-03-30-at-13.37.56-673x1024.jpeg\" alt=\"\" class=\"wp-image-642\" srcset=\"https:\/\/tanzparkett-engel.de\/tp_wp\/wp-content\/uploads\/2026\/03\/WhatsApp-Image-2026-03-30-at-13.37.56-673x1024.jpeg 673w, https:\/\/tanzparkett-engel.de\/tp_wp\/wp-content\/uploads\/2026\/03\/WhatsApp-Image-2026-03-30-at-13.37.56-197x300.jpeg 197w, https:\/\/tanzparkett-engel.de\/tp_wp\/wp-content\/uploads\/2026\/03\/WhatsApp-Image-2026-03-30-at-13.37.56-768x1168.jpeg 768w, https:\/\/tanzparkett-engel.de\/tp_wp\/wp-content\/uploads\/2026\/03\/WhatsApp-Image-2026-03-30-at-13.37.56-1010x1536.jpeg 1010w, https:\/\/tanzparkett-engel.de\/tp_wp\/wp-content\/uploads\/2026\/03\/WhatsApp-Image-2026-03-30-at-13.37.56.jpeg 1170w\" sizes=\"(max-width: 673px) 100vw, 673px\" \/><\/figure>\n\n\n\n<figure class=\"wp-block-image size-large\"><img loading=\"lazy\" width=\"1024\" height=\"778\" src=\"https:\/\/tanzparkett-engel.de\/tp_wp\/wp-content\/uploads\/2026\/03\/WhatsApp-Image-2026-03-30-at-13.37.56-1-1024x778.jpeg\" alt=\"\" class=\"wp-image-641\" srcset=\"https:\/\/tanzparkett-engel.de\/tp_wp\/wp-content\/uploads\/2026\/03\/WhatsApp-Image-2026-03-30-at-13.37.56-1-1024x778.jpeg 1024w, https:\/\/tanzparkett-engel.de\/tp_wp\/wp-content\/uploads\/2026\/03\/WhatsApp-Image-2026-03-30-at-13.37.56-1-300x228.jpeg 300w, https:\/\/tanzparkett-engel.de\/tp_wp\/wp-content\/uploads\/2026\/03\/WhatsApp-Image-2026-03-30-at-13.37.56-1-768x584.jpeg 768w, https:\/\/tanzparkett-engel.de\/tp_wp\/wp-content\/uploads\/2026\/03\/WhatsApp-Image-2026-03-30-at-13.37.56-1-1536x1168.jpeg 1536w, https:\/\/tanzparkett-engel.de\/tp_wp\/wp-content\/uploads\/2026\/03\/WhatsApp-Image-2026-03-30-at-13.37.56-1-1568x1192.jpeg 1568w, https:\/\/tanzparkett-engel.de\/tp_wp\/wp-content\/uploads\/2026\/03\/WhatsApp-Image-2026-03-30-at-13.37.56-1.jpeg 1806w\" sizes=\"(max-width: 1024px) 100vw, 1024px\" \/><\/figure>\n\n\n\n<figure class=\"wp-block-image size-large\"><img loading=\"lazy\" width=\"673\" height=\"1024\" src=\"https:\/\/tanzparkett-engel.de\/tp_wp\/wp-content\/uploads\/2026\/03\/WhatsApp-Image-2026-03-30-at-13.37.56-5-673x1024.jpeg\" alt=\"\" class=\"wp-image-640\" srcset=\"https:\/\/tanzparkett-engel.de\/tp_wp\/wp-content\/uploads\/2026\/03\/WhatsApp-Image-2026-03-30-at-13.37.56-5-673x1024.jpeg 673w, https:\/\/tanzparkett-engel.de\/tp_wp\/wp-content\/uploads\/2026\/03\/WhatsApp-Image-2026-03-30-at-13.37.56-5-197x300.jpeg 197w, https:\/\/tanzparkett-engel.de\/tp_wp\/wp-content\/uploads\/2026\/03\/WhatsApp-Image-2026-03-30-at-13.37.56-5-768x1169.jpeg 768w, https:\/\/tanzparkett-engel.de\/tp_wp\/wp-content\/uploads\/2026\/03\/WhatsApp-Image-2026-03-30-at-13.37.56-5-1009x1536.jpeg 1009w, https:\/\/tanzparkett-engel.de\/tp_wp\/wp-content\/uploads\/2026\/03\/WhatsApp-Image-2026-03-30-at-13.37.56-5.jpeg 1169w\" sizes=\"(max-width: 673px) 100vw, 673px\" \/><\/figure>\n\n\n\n<figure class=\"wp-block-image size-large\"><img loading=\"lazy\" width=\"724\" height=\"1024\" src=\"https:\/\/tanzparkett-engel.de\/tp_wp\/wp-content\/uploads\/2026\/01\/WhatsApp-Image-2026-01-06-at-14.05.50-3-724x1024.jpeg\" alt=\"\" class=\"wp-image-633\" srcset=\"https:\/\/tanzparkett-engel.de\/tp_wp\/wp-content\/uploads\/2026\/01\/WhatsApp-Image-2026-01-06-at-14.05.50-3-724x1024.jpeg 724w, https:\/\/tanzparkett-engel.de\/tp_wp\/wp-content\/uploads\/2026\/01\/WhatsApp-Image-2026-01-06-at-14.05.50-3-212x300.jpeg 212w, https:\/\/tanzparkett-engel.de\/tp_wp\/wp-content\/uploads\/2026\/01\/WhatsApp-Image-2026-01-06-at-14.05.50-3-768x1086.jpeg 768w, https:\/\/tanzparkett-engel.de\/tp_wp\/wp-content\/uploads\/2026\/01\/WhatsApp-Image-2026-01-06-at-14.05.50-3-1086x1536.jpeg 1086w, https:\/\/tanzparkett-engel.de\/tp_wp\/wp-content\/uploads\/2026\/01\/WhatsApp-Image-2026-01-06-at-14.05.50-3.jpeg 1414w\" sizes=\"(max-width: 724px) 100vw, 724px\" \/><\/figure>\n\n\n\n<figure class=\"wp-block-image size-large\"><img loading=\"lazy\" width=\"724\" height=\"1024\" src=\"https:\/\/tanzparkett-engel.de\/tp_wp\/wp-content\/uploads\/2026\/01\/WhatsApp-Image-2026-01-06-at-14.05.50-724x1024.jpeg\" alt=\"\" class=\"wp-image-634\" srcset=\"https:\/\/tanzparkett-engel.de\/tp_wp\/wp-content\/uploads\/2026\/01\/WhatsApp-Image-2026-01-06-at-14.05.50-724x1024.jpeg 724w, https:\/\/tanzparkett-engel.de\/tp_wp\/wp-content\/uploads\/2026\/01\/WhatsApp-Image-2026-01-06-at-14.05.50-212x300.jpeg 212w, https:\/\/tanzparkett-engel.de\/tp_wp\/wp-content\/uploads\/2026\/01\/WhatsApp-Image-2026-01-06-at-14.05.50-768x1086.jpeg 768w, https:\/\/tanzparkett-engel.de\/tp_wp\/wp-content\/uploads\/2026\/01\/WhatsApp-Image-2026-01-06-at-14.05.50-1086x1536.jpeg 1086w, https:\/\/tanzparkett-engel.de\/tp_wp\/wp-content\/uploads\/2026\/01\/WhatsApp-Image-2026-01-06-at-14.05.50.jpeg 1131w\" sizes=\"(max-width: 724px) 100vw, 724px\" \/><\/figure>\n\n\n\n<figure class=\"wp-block-image size-large\"><img loading=\"lazy\" width=\"724\" height=\"1024\" src=\"https:\/\/tanzparkett-engel.de\/tp_wp\/wp-content\/uploads\/2026\/01\/WhatsApp-Image-2026-01-06-at-14.05.50-2-724x1024.jpeg\" alt=\"\" class=\"wp-image-631\" srcset=\"https:\/\/tanzparkett-engel.de\/tp_wp\/wp-content\/uploads\/2026\/01\/WhatsApp-Image-2026-01-06-at-14.05.50-2-724x1024.jpeg 724w, https:\/\/tanzparkett-engel.de\/tp_wp\/wp-content\/uploads\/2026\/01\/WhatsApp-Image-2026-01-06-at-14.05.50-2-212x300.jpeg 212w, https:\/\/tanzparkett-engel.de\/tp_wp\/wp-content\/uploads\/2026\/01\/WhatsApp-Image-2026-01-06-at-14.05.50-2-768x1086.jpeg 768w, https:\/\/tanzparkett-engel.de\/tp_wp\/wp-content\/uploads\/2026\/01\/WhatsApp-Image-2026-01-06-at-14.05.50-2-1086x1536.jpeg 1086w, https:\/\/tanzparkett-engel.de\/tp_wp\/wp-content\/uploads\/2026\/01\/WhatsApp-Image-2026-01-06-at-14.05.50-2.jpeg 1131w\" sizes=\"(max-width: 724px) 100vw, 724px\" \/><\/figure>\n\n\n\n<figure class=\"wp-block-image size-large\"><img loading=\"lazy\" width=\"724\" height=\"1024\" src=\"https:\/\/tanzparkett-engel.de\/tp_wp\/wp-content\/uploads\/2026\/01\/WhatsApp-Image-2026-01-06-at-14.05.50-1-724x1024.jpeg\" alt=\"\" class=\"wp-image-630\" srcset=\"https:\/\/tanzparkett-engel.de\/tp_wp\/wp-content\/uploads\/2026\/01\/WhatsApp-Image-2026-01-06-at-14.05.50-1-724x1024.jpeg 724w, https:\/\/tanzparkett-engel.de\/tp_wp\/wp-content\/uploads\/2026\/01\/WhatsApp-Image-2026-01-06-at-14.05.50-1-212x300.jpeg 212w, https:\/\/tanzparkett-engel.de\/tp_wp\/wp-content\/uploads\/2026\/01\/WhatsApp-Image-2026-01-06-at-14.05.50-1-768x1086.jpeg 768w, https:\/\/tanzparkett-engel.de\/tp_wp\/wp-content\/uploads\/2026\/01\/WhatsApp-Image-2026-01-06-at-14.05.50-1-1086x1536.jpeg 1086w, https:\/\/tanzparkett-engel.de\/tp_wp\/wp-content\/uploads\/2026\/01\/WhatsApp-Image-2026-01-06-at-14.05.50-1.jpeg 1448w\" sizes=\"(max-width: 724px) 100vw, 724px\" \/><\/figure>\n\n\n\n<figure class=\"wp-block-image size-large\"><img loading=\"lazy\" width=\"740\" height=\"1024\" src=\"https:\/\/tanzparkett-engel.de\/tp_wp\/wp-content\/uploads\/2025\/11\/WhatsApp-Image-2025-11-19-at-18.47.57-740x1024.jpeg\" alt=\"\" class=\"wp-image-623\" srcset=\"https:\/\/tanzparkett-engel.de\/tp_wp\/wp-content\/uploads\/2025\/11\/WhatsApp-Image-2025-11-19-at-18.47.57-740x1024.jpeg 740w, https:\/\/tanzparkett-engel.de\/tp_wp\/wp-content\/uploads\/2025\/11\/WhatsApp-Image-2025-11-19-at-18.47.57-217x300.jpeg 217w, https:\/\/tanzparkett-engel.de\/tp_wp\/wp-content\/uploads\/2025\/11\/WhatsApp-Image-2025-11-19-at-18.47.57-768x1063.jpeg 768w, https:\/\/tanzparkett-engel.de\/tp_wp\/wp-content\/uploads\/2025\/11\/WhatsApp-Image-2025-11-19-at-18.47.57-1110x1536.jpeg 1110w, https:\/\/tanzparkett-engel.de\/tp_wp\/wp-content\/uploads\/2025\/11\/WhatsApp-Image-2025-11-19-at-18.47.57.jpeg 1170w\" sizes=\"(max-width: 740px) 100vw, 740px\" \/><\/figure>\n\n\n\n<figure class=\"wp-block-image size-large\"><img loading=\"lazy\" width=\"750\" height=\"1024\" src=\"https:\/\/tanzparkett-engel.de\/tp_wp\/wp-content\/uploads\/2025\/11\/WhatsApp-Image-2025-11-19-at-18.47.57-1-750x1024.jpeg\" alt=\"\" class=\"wp-image-622\" srcset=\"https:\/\/tanzparkett-engel.de\/tp_wp\/wp-content\/uploads\/2025\/11\/WhatsApp-Image-2025-11-19-at-18.47.57-1-750x1024.jpeg 750w, https:\/\/tanzparkett-engel.de\/tp_wp\/wp-content\/uploads\/2025\/11\/WhatsApp-Image-2025-11-19-at-18.47.57-1-220x300.jpeg 220w, https:\/\/tanzparkett-engel.de\/tp_wp\/wp-content\/uploads\/2025\/11\/WhatsApp-Image-2025-11-19-at-18.47.57-1-768x1049.jpeg 768w, https:\/\/tanzparkett-engel.de\/tp_wp\/wp-content\/uploads\/2025\/11\/WhatsApp-Image-2025-11-19-at-18.47.57-1.jpeg 1037w\" sizes=\"(max-width: 750px) 100vw, 750px\" \/><\/figure>\n\n\n\n<figure class=\"wp-block-image size-large\"><img loading=\"lazy\" width=\"724\" height=\"1024\" src=\"https:\/\/tanzparkett-engel.de\/tp_wp\/wp-content\/uploads\/2025\/09\/hiphop-724x1024.jpg\" alt=\"\" class=\"wp-image-609\" srcset=\"https:\/\/tanzparkett-engel.de\/tp_wp\/wp-content\/uploads\/2025\/09\/hiphop-724x1024.jpg 724w, https:\/\/tanzparkett-engel.de\/tp_wp\/wp-content\/uploads\/2025\/09\/hiphop-212x300.jpg 212w, https:\/\/tanzparkett-engel.de\/tp_wp\/wp-content\/uploads\/2025\/09\/hiphop-768x1086.jpg 768w, https:\/\/tanzparkett-engel.de\/tp_wp\/wp-content\/uploads\/2025\/09\/hiphop-1086x1536.jpg 1086w, https:\/\/tanzparkett-engel.de\/tp_wp\/wp-content\/uploads\/2025\/09\/hiphop.jpg 1131w\" sizes=\"(max-width: 724px) 100vw, 724px\" \/><\/figure>\n\n\n\n<figure class=\"wp-block-image size-large\"><img loading=\"lazy\" width=\"770\" height=\"1024\" src=\"https:\/\/tanzparkett-engel.de\/tp_wp\/wp-content\/uploads\/2025\/09\/yogapilates-770x1024.jpg\" alt=\"\" class=\"wp-image-607\" srcset=\"https:\/\/tanzparkett-engel.de\/tp_wp\/wp-content\/uploads\/2025\/09\/yogapilates-770x1024.jpg 770w, https:\/\/tanzparkett-engel.de\/tp_wp\/wp-content\/uploads\/2025\/09\/yogapilates-226x300.jpg 226w, https:\/\/tanzparkett-engel.de\/tp_wp\/wp-content\/uploads\/2025\/09\/yogapilates-768x1022.jpg 768w, https:\/\/tanzparkett-engel.de\/tp_wp\/wp-content\/uploads\/2025\/09\/yogapilates-1155x1536.jpg 1155w, https:\/\/tanzparkett-engel.de\/tp_wp\/wp-content\/uploads\/2025\/09\/yogapilates.jpg 1263w\" sizes=\"(max-width: 770px) 100vw, 770px\" \/><\/figure>\n\n\n\n<figure class=\"wp-block-image size-large\"><img loading=\"lazy\" width=\"721\" height=\"1024\" src=\"https:\/\/tanzparkett-engel.de\/tp_wp\/wp-content\/uploads\/2025\/05\/Gala-25-721x1024.jpg\" alt=\"\" class=\"wp-image-594\" srcset=\"https:\/\/tanzparkett-engel.de\/tp_wp\/wp-content\/uploads\/2025\/05\/Gala-25-721x1024.jpg 721w, https:\/\/tanzparkett-engel.de\/tp_wp\/wp-content\/uploads\/2025\/05\/Gala-25-211x300.jpg 211w, https:\/\/tanzparkett-engel.de\/tp_wp\/wp-content\/uploads\/2025\/05\/Gala-25-768x1090.jpg 768w, https:\/\/tanzparkett-engel.de\/tp_wp\/wp-content\/uploads\/2025\/05\/Gala-25-1082x1536.jpg 1082w, https:\/\/tanzparkett-engel.de\/tp_wp\/wp-content\/uploads\/2025\/05\/Gala-25.jpg 1141w\" sizes=\"(max-width: 721px) 100vw, 721px\" \/><\/figure>\n\n\n\n<figure class=\"wp-block-image size-large\"><img loading=\"lazy\" width=\"724\" height=\"1024\" src=\"https:\/\/tanzparkett-engel.de\/tp_wp\/wp-content\/uploads\/2025\/04\/Anadir-un-poco-de-texto-8-2-724x1024.jpg\" alt=\"\" class=\"wp-image-590\" srcset=\"https:\/\/tanzparkett-engel.de\/tp_wp\/wp-content\/uploads\/2025\/04\/Anadir-un-poco-de-texto-8-2-724x1024.jpg 724w, https:\/\/tanzparkett-engel.de\/tp_wp\/wp-content\/uploads\/2025\/04\/Anadir-un-poco-de-texto-8-2-212x300.jpg 212w, https:\/\/tanzparkett-engel.de\/tp_wp\/wp-content\/uploads\/2025\/04\/Anadir-un-poco-de-texto-8-2-768x1086.jpg 768w, https:\/\/tanzparkett-engel.de\/tp_wp\/wp-content\/uploads\/2025\/04\/Anadir-un-poco-de-texto-8-2-1086x1536.jpg 1086w, https:\/\/tanzparkett-engel.de\/tp_wp\/wp-content\/uploads\/2025\/04\/Anadir-un-poco-de-texto-8-2.jpg 1414w\" sizes=\"(max-width: 724px) 100vw, 724px\" \/><\/figure>\n\n\n\n<figure class=\"wp-block-image size-large\"><img loading=\"lazy\" width=\"1024\" height=\"793\" src=\"https:\/\/tanzparkett-engel.de\/tp_wp\/wp-content\/uploads\/2025\/02\/WhatsApp-Image-2025-02-27-at-09.54.54-1024x793.jpeg\" alt=\"\" class=\"wp-image-584\" srcset=\"https:\/\/tanzparkett-engel.de\/tp_wp\/wp-content\/uploads\/2025\/02\/WhatsApp-Image-2025-02-27-at-09.54.54-1024x793.jpeg 1024w, https:\/\/tanzparkett-engel.de\/tp_wp\/wp-content\/uploads\/2025\/02\/WhatsApp-Image-2025-02-27-at-09.54.54-300x232.jpeg 300w, https:\/\/tanzparkett-engel.de\/tp_wp\/wp-content\/uploads\/2025\/02\/WhatsApp-Image-2025-02-27-at-09.54.54-768x595.jpeg 768w, https:\/\/tanzparkett-engel.de\/tp_wp\/wp-content\/uploads\/2025\/02\/WhatsApp-Image-2025-02-27-at-09.54.54.jpeg 1170w\" sizes=\"(max-width: 1024px) 100vw, 1024px\" \/><figcaption><strong>Die &#8222;Young Dance Company&#8220; aus F\u00fcrth reist f\u00fcr einen sechst\u00e4gigen Kulturaustausch nach Barcelona<\/strong><br><br><br>Die&nbsp;<em>Young Dance Company<\/em>&nbsp; wird in der ersten M\u00e4rzwoche f\u00fcr sechs Tage nach Barcelona reisen, um an ihrem ersten internationalen Austausch teilzunehmen. Unter der Leitung von Christine Engel und Carlos Bonilla wird die Gruppe das renommierte Barcelona Dance Center, eine Hochleistungstanzschule in Spanien, besuchen und eine inspirierende k\u00fcnstlerische Erfahrung teilen.<br>Die Gruppe besteht aus Sch\u00fclern im Alter von 11 bis 17 Jahren, die w\u00e4hrend der Woche regul\u00e4ren Unterricht haben und an den Wochenenden intensiv an Choreografien arbeiten, angeleitet von verschiedenen Lehrern. W\u00e4hrend ihres Aufenthalts in Barcelona werden die Sch\u00fcler Unterricht in Ballett, Modern Dance, Charaktertanz und Tai Chi erhalten und diese Kurse gemeinsam mit den Sch\u00fclern des Barcelona Dance Centers besuchen.<br>Der Austausch gipfelt in einer besonderen Auff\u00fchrung in der Gastschule. Dabei wird jede Institution ihre eigenen Choreografien pr\u00e4sentieren: Die Sch\u00fcler aus F\u00fcrth zeigen die St\u00fccke, die sie in Deutschland erarbeitet haben, w\u00e4hrend die Sch\u00fcler aus Barcelona ihre eigenen Kreationen auff\u00fchren. Am Ende erhalten alle Teilnehmer ein Zertifikat, das ihre Hingabe und ihren Lernfortschritt anerkennt.<br>Die&nbsp;<em>Young Dance Company<\/em>&nbsp;plant bereits weitere Austauschprogramme und Auftritte sowohl in Deutschland als auch im Ausland. Mit diesen Initiativen m\u00f6chte die Schule ihren Sch\u00fclern zus\u00e4tzliche k\u00fcnstlerische und kulturelle Entwicklungsm\u00f6glichkeiten bieten und ihre internationale Pr\u00e4senz in der Tanzwelt st\u00e4rken.<br>Diese sechst\u00e4gige Reise wird eine einzigartige Erfahrung f\u00fcr die jungen Talente sein und markiert den Beginn einer aufregenden Phase voller Projekte, die den kulturellen Austausch und die k\u00fcnstlerische Exzellenz feiern.<\/figcaption><\/figure>\n\n\n\n<h5 class=\"has-text-align-center\"> <strong>Ab 01.11.2024 ist Carlos Bonilla der neue Inhaber und Gesamtleiter im Tanzparkett Engel<\/strong><\/h5>\n\n\n\n<figure class=\"wp-block-image size-large\"><img loading=\"lazy\" width=\"768\" height=\"1024\" src=\"https:\/\/tanzparkett-engel.de\/tp_wp\/wp-content\/uploads\/2024\/11\/WhatsApp-Image-2024-10-24-at-21.35.24-768x1024.jpeg\" alt=\"\" class=\"wp-image-562\" srcset=\"https:\/\/tanzparkett-engel.de\/tp_wp\/wp-content\/uploads\/2024\/11\/WhatsApp-Image-2024-10-24-at-21.35.24-768x1024.jpeg 768w, https:\/\/tanzparkett-engel.de\/tp_wp\/wp-content\/uploads\/2024\/11\/WhatsApp-Image-2024-10-24-at-21.35.24-225x300.jpeg 225w, https:\/\/tanzparkett-engel.de\/tp_wp\/wp-content\/uploads\/2024\/11\/WhatsApp-Image-2024-10-24-at-21.35.24-1152x1536.jpeg 1152w, https:\/\/tanzparkett-engel.de\/tp_wp\/wp-content\/uploads\/2024\/11\/WhatsApp-Image-2024-10-24-at-21.35.24.jpeg 1200w\" sizes=\"(max-width: 768px) 100vw, 768px\" \/><\/figure>\n\n\n\n<hr class=\"wp-block-separator is-style-wide\"\/>\n\n\n\n<hr class=\"wp-block-separator is-style-wide\"\/>\n\n\n\n<hr class=\"wp-block-separator is-style-wide\"\/>\n\n\n\n<hr class=\"wp-block-separator is-style-wide\"\/>\n","protected":false},"excerpt":{"rendered":"<p>Hier findet Ihr alle aktuellen Informationen in Bezug auf den Tanzunterricht in unserer Ballett- und Tanzschule. Ab 01.11.2024 ist Carlos Bonilla der neue Inhaber und Gesamtleiter im Tanzparkett Engel<\/p>\n","protected":false},"author":1,"featured_media":0,"parent":0,"menu_order":0,"comment_status":"closed","ping_status":"closed","template":"","meta":[],"_links":{"self":[{"href":"https:\/\/tanzparkett-engel.de\/tp_wp\/wp-json\/wp\/v2\/pages\/34"}],"collection":[{"href":"https:\/\/tanzparkett-engel.de\/tp_wp\/wp-json\/wp\/v2\/pages"}],"about":[{"href":"https:\/\/tanzparkett-engel.de\/tp_wp\/wp-json\/wp\/v2\/types\/page"}],"author":[{"embeddable":true,"href":"https:\/\/tanzparkett-engel.de\/tp_wp\/wp-json\/wp\/v2\/users\/1"}],"replies":[{"embeddable":true,"href":"https:\/\/tanzparkett-engel.de\/tp_wp\/wp-json\/wp\/v2\/comments?post=34"}],"version-history":[{"count":30,"href":"https:\/\/tanzparkett-engel.de\/tp_wp\/wp-json\/wp\/v2\/pages\/34\/revisions"}],"predecessor-version":[{"id":645,"href":"https:\/\/tanzparkett-engel.de\/tp_wp\/wp-json\/wp\/v2\/pages\/34\/revisions\/645"}],"wp:attachment":[{"href":"https:\/\/tanzparkett-engel.de\/tp_wp\/wp-json\/wp\/v2\/media?parent=34"}],"curies":[{"name":"wp","href":"https:\/\/api.w.org\/{rel}","templated":true}]}}