{"id":351,"date":"2021-09-04T23:37:20","date_gmt":"2021-09-04T21:37:20","guid":{"rendered":"https:\/\/tanzparkett-engel.de\/tp_wp\/?page_id=351"},"modified":"2024-11-07T14:08:02","modified_gmt":"2024-11-07T13:08:02","slug":"impressum","status":"publish","type":"page","link":"https:\/\/tanzparkett-engel.de\/tp_wp\/impressum\/","title":{"rendered":"Impressum"},"content":{"rendered":"\n<pre class=\"wp-block-preformatted\">tanzparkett Engel\nBallett- und Tanzschule\nBahnhofplatz 10\n90762 F\u00fcrth\nkontakt@tanzparkett-engel.de\nwww.tanzparkett-engel.de<\/pre>\n\n\n\n<pre class=\"wp-block-preformatted\"><strong>Gesch\u00e4ftsf\u00fchrung:<\/strong>\nCarlos Edgardo Bonilla Serrano\nTelefon: +49 (0)911 277 42 0 44\nSteuer-ID: 238\/206\/40381<\/pre>\n\n\n\n<p>S\u00e4mtliche Texte, Bilder, Grafiken \u2013 sowie alle Daten und Fakten \u2013 wurden von uns zusammengestellt und werden laufend aktualisiert. Eine Gew\u00e4hr f\u00fcr deren Richtigkeit kann nicht \u00fcbernommen werden. Alle Elemente der Website unterliegen dem Urheberschutz \u2013 als geistiges Eigentum des tanzparketts Engel &#8211; Ballett- und Tanzschule. Die Inhalte d\u00fcrfen zu kommerziellen Zwecken weder kopiert oder verbreitet noch ver\u00e4ndert werden. Selbst eine auszugsweise Vervielf\u00e4ltigung bedarf der vorherigen ausdr\u00fccklichen Zustimmung durch uns. Wir behalten uns das Recht vor, etwaige \u00c4nderungen oder Erg\u00e4nzungen an den bereitgestellten Informationen vorzunehmen.<\/p>\n\n\n\n<p>Verantwortlich f\u00fcr den Inhalt dieses Internetauftrittes ist Carlos Edgardo Bonilla Serrano.<\/p>\n","protected":false},"excerpt":{"rendered":"<p>tanzparkett Engel Ballett- und Tanzschule Bahnhofplatz 10 90762 F\u00fcrth kontakt@tanzparkett-engel.de www.tanzparkett-engel.de Gesch\u00e4ftsf\u00fchrung: Carlos Edgardo Bonilla Serrano Telefon: +49 (0)911 277 42 0 44 Steuer-ID: 238\/206\/40381 S\u00e4mtliche Texte, Bilder, Grafiken \u2013 sowie alle Daten und Fakten \u2013 wurden von uns zusammengestellt und werden laufend aktualisiert. Eine Gew\u00e4hr f\u00fcr deren Richtigkeit kann nicht \u00fcbernommen werden. Alle Elemente<a class=\"more-link\" href=\"https:\/\/tanzparkett-engel.de\/tp_wp\/impressum\/\"><span class=\"screen-reader-text\">&#8222;Impressum&#8220;<\/span> weiterlesen<\/a><\/p>\n","protected":false},"author":1,"featured_media":0,"parent":0,"menu_order":0,"comment_status":"closed","ping_status":"closed","template":"","meta":[],"_links":{"self":[{"href":"https:\/\/tanzparkett-engel.de\/tp_wp\/wp-json\/wp\/v2\/pages\/351"}],"collection":[{"href":"https:\/\/tanzparkett-engel.de\/tp_wp\/wp-json\/wp\/v2\/pages"}],"about":[{"href":"https:\/\/tanzparkett-engel.de\/tp_wp\/wp-json\/wp\/v2\/types\/page"}],"author":[{"embeddable":true,"href":"https:\/\/tanzparkett-engel.de\/tp_wp\/wp-json\/wp\/v2\/users\/1"}],"replies":[{"embeddable":true,"href":"https:\/\/tanzparkett-engel.de\/tp_wp\/wp-json\/wp\/v2\/comments?post=351"}],"version-history":[{"count":6,"href":"https:\/\/tanzparkett-engel.de\/tp_wp\/wp-json\/wp\/v2\/pages\/351\/revisions"}],"predecessor-version":[{"id":578,"href":"https:\/\/tanzparkett-engel.de\/tp_wp\/wp-json\/wp\/v2\/pages\/351\/revisions\/578"}],"wp:attachment":[{"href":"https:\/\/tanzparkett-engel.de\/tp_wp\/wp-json\/wp\/v2\/media?parent=351"}],"curies":[{"name":"wp","href":"https:\/\/api.w.org\/{rel}","templated":true}]}}