{"id":58,"date":"2021-08-22T22:11:56","date_gmt":"2021-08-22T20:11:56","guid":{"rendered":"https:\/\/tanzparkett-engel.de\/tp_wp\/?page_id=58"},"modified":"2024-11-07T14:11:00","modified_gmt":"2024-11-07T13:11:00","slug":"startseite","status":"publish","type":"page","link":"https:\/\/tanzparkett-engel.de\/tp_wp\/","title":{"rendered":"Herzlich willkommen bei Tanzparkett Engel"},"content":{"rendered":"\n<h2 class=\"has-text-align-center\">Wir sind eine Ballett- und Tanzschule in F\u00fcrth<\/h2>\n\n\n\n<div class=\"wp-block-image is-style-default\"><figure class=\"aligncenter size-large\"><img loading=\"lazy\" width=\"1024\" height=\"683\" src=\"https:\/\/tanzparkett-engel.de\/tp_wp\/wp-content\/uploads\/2021\/09\/Willkommen_4mp-1024x683.jpg\" alt=\"\" class=\"wp-image-264\" srcset=\"https:\/\/tanzparkett-engel.de\/tp_wp\/wp-content\/uploads\/2021\/09\/Willkommen_4mp-1024x683.jpg 1024w, https:\/\/tanzparkett-engel.de\/tp_wp\/wp-content\/uploads\/2021\/09\/Willkommen_4mp-300x200.jpg 300w, https:\/\/tanzparkett-engel.de\/tp_wp\/wp-content\/uploads\/2021\/09\/Willkommen_4mp-768x512.jpg 768w, https:\/\/tanzparkett-engel.de\/tp_wp\/wp-content\/uploads\/2021\/09\/Willkommen_4mp-1536x1024.jpg 1536w, https:\/\/tanzparkett-engel.de\/tp_wp\/wp-content\/uploads\/2021\/09\/Willkommen_4mp-2048x1365.jpg 2048w, https:\/\/tanzparkett-engel.de\/tp_wp\/wp-content\/uploads\/2021\/09\/Willkommen_4mp-1568x1045.jpg 1568w\" sizes=\"(max-width: 1024px) 100vw, 1024px\" \/><\/figure><\/div>\n\n\n\n<p class=\"has-text-align-center\">In der sch\u00f6nen und freundschaftlichen Atmosph\u00e4re unserer Ballett- und Tanzschule k\u00f6nnen kleine und gro\u00dfe Tanzbegeisterte ihre Freude am Tanzen ausleben.<\/p>\n\n\n\n<p class=\"has-text-align-center\">Kreativit\u00e4t, Freude am Ausdruck, Ausstrahlung, Selbstbewusstsein, St\u00e4rkung des gesamten K\u00f6rpers, Motorik, Ausdauer, Beweglichkeit, Leichtigkeit, Freundschaften &#8211; das alles findet sich im Tanzunterricht. <\/p>\n\n\n\n<p class=\"has-text-align-center\">Unsere professionell ausgebildeten P\u00e4dagogen begleiten alle Sch\u00fcler auf ihrem t\u00e4nzerischen Weg mit dem Ziel, ihnen Freude am Tanzen zu vermitteln und sie<br>auf eine professionelle t\u00e4nzerische oder tanzp\u00e4dagogische Berufsausbildung vorzubereiten. Unser Erwachsenenunterricht ist so strukturiert, dass er f\u00fcr Erzieher und Lehrer an \u00f6ffentlichen Schulen\/Einrichtungen f\u00fcr Fort- bzw. Weiterbildungszwecke geeignet ist. Die strukturierten und anerkannten methodischen Unterrichtsinhalte bieten die beste Grundlage f\u00fcr die Erreichung dieser Ziele.<\/p>\n\n\n\n<p class=\"has-text-align-center\">Unsere Partner erg\u00e4nzen mit ihren tollen Kursen unser t\u00e4nzerisches Angebot. Somit ist f\u00fcr jeden etwas dabei.<\/p>\n\n\n\n<p class=\"has-text-align-center\">Wir freuen uns auf Euch!<\/p>\n\n\n\n<div class=\"wp-block-cover has-background-dim has-custom-content-position is-position-bottom-center\" style=\"min-height:334px\"><img loading=\"lazy\" width=\"2560\" height=\"1113\" class=\"wp-block-cover__image-background wp-image-266\" alt=\"\" src=\"https:\/\/tanzparkett-engel.de\/tp_wp\/wp-content\/uploads\/2021\/09\/News_Cover_4mp-scaled.jpg\" data-object-fit=\"cover\" srcset=\"https:\/\/tanzparkett-engel.de\/tp_wp\/wp-content\/uploads\/2021\/09\/News_Cover_4mp-scaled.jpg 2560w, https:\/\/tanzparkett-engel.de\/tp_wp\/wp-content\/uploads\/2021\/09\/News_Cover_4mp-300x130.jpg 300w, https:\/\/tanzparkett-engel.de\/tp_wp\/wp-content\/uploads\/2021\/09\/News_Cover_4mp-1024x445.jpg 1024w, https:\/\/tanzparkett-engel.de\/tp_wp\/wp-content\/uploads\/2021\/09\/News_Cover_4mp-768x334.jpg 768w, https:\/\/tanzparkett-engel.de\/tp_wp\/wp-content\/uploads\/2021\/09\/News_Cover_4mp-1536x668.jpg 1536w, https:\/\/tanzparkett-engel.de\/tp_wp\/wp-content\/uploads\/2021\/09\/News_Cover_4mp-2048x890.jpg 2048w, https:\/\/tanzparkett-engel.de\/tp_wp\/wp-content\/uploads\/2021\/09\/News_Cover_4mp-1568x682.jpg 1568w\" sizes=\"(max-width: 2560px) 100vw, 2560px\" \/><div class=\"wp-block-cover__inner-container\">\n<p class=\"has-text-align-center has-large-font-size\"><a href=\"https:\/\/tanzparkett-engel.de\/tp_wp\/blog-2\" data-type=\"URL\"><span class=\"has-inline-color has-background-color\">News<\/span><\/a><\/p>\n<\/div><\/div>\n\n\n\n<div class=\"wp-block-columns\">\n<div class=\"wp-block-column\">\n<h4>Kurse                                           <\/h4>\n\n\n\n<p>Hier findet Ihr alle Detailinformationen zu allen unseren aktuellen Kursen.<\/p>\n\n\n\n<p><a href=\"https:\/\/tanzparkett-engel.de\/tp_wp\/classes\/\" data-type=\"page\" data-id=\"31\">Unsere Kurse<\/a><\/p>\n<\/div>\n\n\n\n<div class=\"wp-block-column\">\n<figure class=\"wp-block-image size-large\"><img loading=\"lazy\" width=\"1024\" height=\"684\" src=\"https:\/\/tanzparkett-engel.de\/tp_wp\/wp-content\/uploads\/2021\/09\/Willkommen_Kurse_4mp-1024x684.jpg\" alt=\"\" class=\"wp-image-267\" srcset=\"https:\/\/tanzparkett-engel.de\/tp_wp\/wp-content\/uploads\/2021\/09\/Willkommen_Kurse_4mp-1024x684.jpg 1024w, https:\/\/tanzparkett-engel.de\/tp_wp\/wp-content\/uploads\/2021\/09\/Willkommen_Kurse_4mp-300x200.jpg 300w, https:\/\/tanzparkett-engel.de\/tp_wp\/wp-content\/uploads\/2021\/09\/Willkommen_Kurse_4mp-768x513.jpg 768w, https:\/\/tanzparkett-engel.de\/tp_wp\/wp-content\/uploads\/2021\/09\/Willkommen_Kurse_4mp-1536x1025.jpg 1536w, https:\/\/tanzparkett-engel.de\/tp_wp\/wp-content\/uploads\/2021\/09\/Willkommen_Kurse_4mp-2048x1367.jpg 2048w, https:\/\/tanzparkett-engel.de\/tp_wp\/wp-content\/uploads\/2021\/09\/Willkommen_Kurse_4mp-1568x1047.jpg 1568w\" sizes=\"(max-width: 1024px) 100vw, 1024px\" \/><\/figure>\n<\/div>\n<\/div>\n\n\n\n<div class=\"wp-block-cover has-background-dim has-custom-content-position is-position-bottom-center\" style=\"min-height:199px\"><img loading=\"lazy\" width=\"2560\" height=\"622\" class=\"wp-block-cover__image-background wp-image-268\" alt=\"\" src=\"https:\/\/tanzparkett-engel.de\/tp_wp\/wp-content\/uploads\/2021\/09\/Ueber_uns_Cover_Willkommen_4mp-scaled.jpg\" data-object-fit=\"cover\" srcset=\"https:\/\/tanzparkett-engel.de\/tp_wp\/wp-content\/uploads\/2021\/09\/Ueber_uns_Cover_Willkommen_4mp-scaled.jpg 2560w, https:\/\/tanzparkett-engel.de\/tp_wp\/wp-content\/uploads\/2021\/09\/Ueber_uns_Cover_Willkommen_4mp-300x73.jpg 300w, https:\/\/tanzparkett-engel.de\/tp_wp\/wp-content\/uploads\/2021\/09\/Ueber_uns_Cover_Willkommen_4mp-1024x249.jpg 1024w, https:\/\/tanzparkett-engel.de\/tp_wp\/wp-content\/uploads\/2021\/09\/Ueber_uns_Cover_Willkommen_4mp-768x187.jpg 768w, https:\/\/tanzparkett-engel.de\/tp_wp\/wp-content\/uploads\/2021\/09\/Ueber_uns_Cover_Willkommen_4mp-1536x373.jpg 1536w, https:\/\/tanzparkett-engel.de\/tp_wp\/wp-content\/uploads\/2021\/09\/Ueber_uns_Cover_Willkommen_4mp-2048x497.jpg 2048w, https:\/\/tanzparkett-engel.de\/tp_wp\/wp-content\/uploads\/2021\/09\/Ueber_uns_Cover_Willkommen_4mp-1568x381.jpg 1568w\" sizes=\"(max-width: 2560px) 100vw, 2560px\" \/><div class=\"wp-block-cover__inner-container\">\n<p class=\"has-text-align-center has-large-font-size\"><a href=\"https:\/\/tanzparkett-engel.de\/tp_wp\/about\/\" data-type=\"page\" data-id=\"32\"><span class=\"has-inline-color has-background-color\">\u00dcber uns<\/span><\/a><\/p>\n<\/div><\/div>\n\n\n\n<div class=\"wp-block-columns\">\n<div class=\"wp-block-column\">\n<h4>Unser Team<\/h4>\n\n\n\n<p>Wir sind ein Team aus ausgebildeten, erfahrenen und kreativen Tanzp\u00e4dagogen und Trainern. <\/p>\n\n\n\n<p><a href=\"https:\/\/tanzparkett-engel.de\/tp_wp\/teachers\/\" data-type=\"page\" data-id=\"33\">Unser Team<\/a><\/p>\n<\/div>\n\n\n\n<div class=\"wp-block-column\">\n<figure class=\"wp-block-image size-large\"><img loading=\"lazy\" width=\"1024\" height=\"683\" src=\"https:\/\/tanzparkett-engel.de\/tp_wp\/wp-content\/uploads\/2021\/09\/Team_4MP-1024x683.jpg\" alt=\"\" class=\"wp-image-274\" srcset=\"https:\/\/tanzparkett-engel.de\/tp_wp\/wp-content\/uploads\/2021\/09\/Team_4MP-1024x683.jpg 1024w, https:\/\/tanzparkett-engel.de\/tp_wp\/wp-content\/uploads\/2021\/09\/Team_4MP-300x200.jpg 300w, https:\/\/tanzparkett-engel.de\/tp_wp\/wp-content\/uploads\/2021\/09\/Team_4MP-768x512.jpg 768w, https:\/\/tanzparkett-engel.de\/tp_wp\/wp-content\/uploads\/2021\/09\/Team_4MP-1536x1024.jpg 1536w, https:\/\/tanzparkett-engel.de\/tp_wp\/wp-content\/uploads\/2021\/09\/Team_4MP-2048x1365.jpg 2048w, https:\/\/tanzparkett-engel.de\/tp_wp\/wp-content\/uploads\/2021\/09\/Team_4MP-1568x1045.jpg 1568w\" sizes=\"(max-width: 1024px) 100vw, 1024px\" \/><\/figure>\n<\/div>\n<\/div>\n\n\n\n<div class=\"wp-block-group has-foreground-background-color has-background\"><div class=\"wp-block-group__inner-container\">\n<div class=\"wp-block-columns\">\n<div class=\"wp-block-column\">\n<pre class=\"wp-block-preformatted\"><meta charset=\"utf-8\">Tanzparkett Engel\nBallett- und Tanzschule\nInh. Carlos Bonilla\nBahnhofplatz 10\n90762 F\u00fcrth<\/pre>\n<\/div>\n\n\n\n<div class=\"wp-block-column\">\n<pre class=\"wp-block-preformatted\"><meta charset=\"utf-8\">+49 (0)911 277 42 0 44  kontakt@tanzparkett-engel.de         <a href=\"https:\/\/tanzparkett-engel.de\/tp_wp\/contact\/\" data-type=\"page\" data-id=\"35\">Kontaktformular <\/a>                              <\/pre>\n<\/div>\n<\/div>\n<\/div><\/div>\n","protected":false},"excerpt":{"rendered":"<p>Wir sind eine Ballett- und Tanzschule in F\u00fcrth In der sch\u00f6nen und freundschaftlichen Atmosph\u00e4re unserer Ballett- und Tanzschule k\u00f6nnen kleine und gro\u00dfe Tanzbegeisterte ihre Freude am Tanzen ausleben. Kreativit\u00e4t, Freude am Ausdruck, Ausstrahlung, Selbstbewusstsein, St\u00e4rkung des gesamten K\u00f6rpers, Motorik, Ausdauer, Beweglichkeit, Leichtigkeit, Freundschaften &#8211; das alles findet sich im Tanzunterricht. Unsere professionell ausgebildeten P\u00e4dagogen begleiten<a class=\"more-link\" href=\"https:\/\/tanzparkett-engel.de\/tp_wp\/\"><span class=\"screen-reader-text\">&#8222;Herzlich willkommen bei Tanzparkett Engel&#8220;<\/span> weiterlesen<\/a><\/p>\n","protected":false},"author":1,"featured_media":0,"parent":0,"menu_order":0,"comment_status":"closed","ping_status":"closed","template":"","meta":[],"_links":{"self":[{"href":"https:\/\/tanzparkett-engel.de\/tp_wp\/wp-json\/wp\/v2\/pages\/58"}],"collection":[{"href":"https:\/\/tanzparkett-engel.de\/tp_wp\/wp-json\/wp\/v2\/pages"}],"about":[{"href":"https:\/\/tanzparkett-engel.de\/tp_wp\/wp-json\/wp\/v2\/types\/page"}],"author":[{"embeddable":true,"href":"https:\/\/tanzparkett-engel.de\/tp_wp\/wp-json\/wp\/v2\/users\/1"}],"replies":[{"embeddable":true,"href":"https:\/\/tanzparkett-engel.de\/tp_wp\/wp-json\/wp\/v2\/comments?post=58"}],"version-history":[{"count":47,"href":"https:\/\/tanzparkett-engel.de\/tp_wp\/wp-json\/wp\/v2\/pages\/58\/revisions"}],"predecessor-version":[{"id":580,"href":"https:\/\/tanzparkett-engel.de\/tp_wp\/wp-json\/wp\/v2\/pages\/58\/revisions\/580"}],"wp:attachment":[{"href":"https:\/\/tanzparkett-engel.de\/tp_wp\/wp-json\/wp\/v2\/media?parent=58"}],"curies":[{"name":"wp","href":"https:\/\/api.w.org\/{rel}","templated":true}]}}